{"id":10351,"date":"2025-06-05T09:47:41","date_gmt":"2025-06-05T14:47:41","guid":{"rendered":"https:\/\/desarrollo.infobox.com.pe\/miempresacircular\/?page_id=10351"},"modified":"2025-06-13T11:49:24","modified_gmt":"2025-06-13T16:49:24","slug":"procircularidad-2","status":"publish","type":"page","link":"https:\/\/desarrollo.infobox.com.pe\/miempresacircular\/procircularidad-2\/","title":{"rendered":"Procircularidad"},"content":{"rendered":"<div id=\"pl-10351\"  class=\"panel-layout\" ><div id=\"pg-10351-0\"  class=\"panel-grid panel-no-style\" ><div id=\"pgc-10351-0-0\"  class=\"panel-grid-cell\" ><div id=\"panel-10351-0-0-0\" class=\"so-panel widget widget_text panel-first-child panel-last-child\" data-index=\"0\" >\t\t\t<div class=\"textwidget\"><div style=\"position: relative; width: 100%; height: 450px; background-image: url('\/miempresacircular\/wp-content\/uploads\/2023\/12\/Banners-interiores1-scaled.jpg'); background-size: cover; background-position: center; background-repeat: no-repeat; display: flex; align-items: center; justify-content: center; text-align: center; margin: 0; padding: 0;\">\n<div style=\"background: rgba(30, 76, 127, 0.9); padding: 20px 40px; border-radius: 0px; width: 800px; max-width: 70%; text-align: center;\">\n<h1 style=\"color: white; font-size: 2rem; margin-top: 30px; text-shadow: 2px 2px 5px rgba(0, 0, 0, 0.5);\">MI EMPRESA CIRCULAR<\/h1>\n<div style=\"display: flex; justify-content: center; align-items: center; gap: 10px; margin: 0px 0 40px 0;\">\n<div style=\"width: 80px; height: 2px; background-color: rgba(255, 255, 255, 0.5);\"><\/div>\n<div style=\"width: 80px; height: 2px; background-color: rgba(255, 255, 255);\"><\/div>\n<div style=\"width: 80px; height: 2px; background-color: rgba(255, 255, 255, 0.5);\"><\/div>\n<\/div>\n<h1 style=\"color: white; font-size: 1.5rem; margin: 40; bottom: 50px; text-shadow: 2px 2px 5px rgba(0, 0, 0, 0.5);\">Accede a recursos de sensibilizaci\u00f3n y capacitaci\u00f3n<\/h1>\n<\/div>\n<\/div>\n<\/div>\n\t\t<\/div><\/div><\/div><div id=\"pg-10351-1\"  class=\"panel-grid panel-no-style\" ><div id=\"pgc-10351-1-0\"  class=\"panel-grid-cell panel-grid-cell-empty\" ><\/div><div id=\"pgc-10351-1-1\"  class=\"panel-grid-cell panel-grid-cell-mobile-last\" ><div id=\"panel-10351-1-1-0\" class=\"so-panel widget widget_text panel-first-child\" data-index=\"1\" >\t\t\t<div class=\"textwidget\"><h4 style=\"text-align: center; color: #164985; margin-top: 30px;\">Programa ProCircularidad<\/h4>\n<div style=\"display: flex; justify-content: center; align-items: center; gap: 10px; margin: 0px 0 40px 0;\">\n<div style=\"width: 50px; height: 2px; background-color: rgba(22, 73, 133, 0.5);\"><\/div>\n<div style=\"width: 50px; height: 2px; background-color: rgba(22, 73, 133);\"><\/div>\n<div style=\"width: 50px; height: 2px; background-color: rgba(22, 73, 133, 0.5);\"><\/div>\n<\/div>\n<\/div>\n\t\t<\/div><div id=\"panel-10351-1-1-1\" class=\"so-panel widget widget_text panel-last-child\" data-index=\"2\" >\t\t\t<div class=\"textwidget\"><div style=\"text-align: justify; margin-top: 30px; color: #5a5d60;\">\n<p>Es un programa de desarrollo de capacidades sobre econom\u00eda circular (EC) y eficiencia energ\u00e9tica (EE) que brinda diversos recursos y herramientas para facilitar la transferencia de conceptos sobre ambos enfoques desde los funcionarios hacia las Mipyme.<\/p>\n<p>Este manual comprende 2 m\u00f3dulos de aprendizaje:<\/p>\n<p><img loading=\"lazy\" decoding=\"async\" style=\"display: block; margin-left: auto; margin-right: auto;\" src=\"\/miempresacircular\/wp-content\/uploads\/2025\/06\/ban1.png\" width=\"959\" height=\"205\" \/><\/p>\n<p>Al descargar el manual podr\u00e1s encontrar los siguientes recursos y herramientas:<\/p>\n<p><img loading=\"lazy\" decoding=\"async\" style=\"display: block; margin-left: auto; margin-right: auto;\" src=\"https:\/\/desarrollo.infobox.com.pe\/miempresacircular\/wp-content\/uploads\/2025\/06\/ban2.png\" width=\"980\" height=\"486\" \/><\/p>\n<p>Descarga el manual del Programa ProCircularidad, sus recursos y herramientas:<\/p>\n<\/div>\n<\/div>\n\t\t<\/div><\/div><div id=\"pgc-10351-1-2\"  class=\"panel-grid-cell panel-grid-cell-empty\" ><\/div><\/div><div id=\"pg-10351-2\"  class=\"panel-grid panel-no-style\" ><div id=\"pgc-10351-2-0\"  class=\"panel-grid-cell panel-grid-cell-empty\" ><\/div><div id=\"pgc-10351-2-1\"  class=\"panel-grid-cell panel-grid-cell-mobile-last\" ><div id=\"panel-10351-2-1-0\" class=\"widget_text so-panel widget widget_custom_html panel-first-child panel-last-child\" data-index=\"3\" ><div class=\"textwidget custom-html-widget\"><button onclick=\"window.location.href='https:\/\/drive.google.com\/drive\/folders\/1Sa2V0YIhpcGkDHmD7GAWd5pV7eVOYQav'\" style=\"\n  background-color: #164985;\n  color: white;\n  padding: 16px 24px;\n  border-radius: 40px;\n  border: none;\n  font-weight: bold;\n  font-size: clamp(12px, 1vw, 20px);\n  text-align: center;\n  text-decoration: none;\n  cursor: pointer;\n  display: inline-block;\n  line-height: 1.2;\n  box-sizing: border-box;\n\">\nHaz clic Aqu\u00ed\n<\/button><\/div><\/div><\/div><div id=\"pgc-10351-2-2\"  class=\"panel-grid-cell panel-grid-cell-empty\" ><\/div><\/div><\/div>","protected":false},"excerpt":{"rendered":"<p>MI EMPRESA CIRCULAR Accede a recursos de sensibilizaci\u00f3n y capacitaci\u00f3n Programa ProCircularidad Es un programa de desarrollo de capacidades sobre econom\u00eda circular (EC) y eficiencia energ\u00e9tica (EE) que brinda diversos recursos y herramientas para facilitar la transferencia de conceptos sobre ambos enfoques desde los funcionarios hacia las Mipyme. Este manual comprende 2 m\u00f3dulos de aprendizaje: [&hellip;]<\/p>\n","protected":false},"author":1,"featured_media":0,"parent":0,"menu_order":0,"comment_status":"closed","ping_status":"closed","template":"","meta":{"footnotes":""},"tags":[],"class_list":["post-10351","page","type-page","status-publish","hentry"],"_links":{"self":[{"href":"https:\/\/desarrollo.infobox.com.pe\/miempresacircular\/wp-json\/wp\/v2\/pages\/10351","targetHints":{"allow":["GET"]}}],"collection":[{"href":"https:\/\/desarrollo.infobox.com.pe\/miempresacircular\/wp-json\/wp\/v2\/pages"}],"about":[{"href":"https:\/\/desarrollo.infobox.com.pe\/miempresacircular\/wp-json\/wp\/v2\/types\/page"}],"author":[{"embeddable":true,"href":"https:\/\/desarrollo.infobox.com.pe\/miempresacircular\/wp-json\/wp\/v2\/users\/1"}],"replies":[{"embeddable":true,"href":"https:\/\/desarrollo.infobox.com.pe\/miempresacircular\/wp-json\/wp\/v2\/comments?post=10351"}],"version-history":[{"count":6,"href":"https:\/\/desarrollo.infobox.com.pe\/miempresacircular\/wp-json\/wp\/v2\/pages\/10351\/revisions"}],"predecessor-version":[{"id":10475,"href":"https:\/\/desarrollo.infobox.com.pe\/miempresacircular\/wp-json\/wp\/v2\/pages\/10351\/revisions\/10475"}],"wp:attachment":[{"href":"https:\/\/desarrollo.infobox.com.pe\/miempresacircular\/wp-json\/wp\/v2\/media?parent=10351"}],"wp:term":[{"taxonomy":"post_tag","embeddable":true,"href":"https:\/\/desarrollo.infobox.com.pe\/miempresacircular\/wp-json\/wp\/v2\/tags?post=10351"}],"curies":[{"name":"wp","href":"https:\/\/api.w.org\/{rel}","templated":true}]}}