{"id":2404,"date":"2023-08-27T09:14:19","date_gmt":"2023-08-27T14:14:19","guid":{"rendered":"https:\/\/miempresacircular.pe\/?page_id=2404"},"modified":"2025-06-13T12:12:52","modified_gmt":"2025-06-13T17:12:52","slug":"test-de-buenas-practicas","status":"publish","type":"page","link":"https:\/\/desarrollo.infobox.com.pe\/miempresacircular\/test-de-buenas-practicas\/","title":{"rendered":"Test buenas pr\u00e1cticas"},"content":{"rendered":"<div id=\"pl-2404\"  class=\"panel-layout\" ><div id=\"pg-2404-0\"  class=\"panel-grid panel-no-style\" ><div id=\"pgc-2404-0-0\"  class=\"panel-grid-cell\" ><div id=\"panel-2404-0-0-0\" class=\"so-panel widget widget_text panel-first-child panel-last-child\" data-index=\"0\" >\t\t\t<div class=\"textwidget\"><div style=\"position: relative; width: 100%; height: 450px; background-image: url('\/miempresacircular\/wp-content\/uploads\/2023\/12\/Banners-interiores1-scaled.jpg'); background-size: cover; background-position: center; background-repeat: no-repeat; display: flex; align-items: center; justify-content: center; text-align: center; margin: 0; padding: 0;\">\n<div style=\"background: rgba(30, 76, 127, 0.9); padding: 20px 40px; border-radius: 0px; height: 200px; width: 800px; max-width: 70%; text-align: center;\">\n<h1 style=\"color: white; font-size: 2rem; margin-top: 5px; text-shadow: 2px 2px 5px rgba(0, 0, 0, 0.5);\">TEST DE BUENAS PR\u00c1CTICAS DE EFICIENCIA ENERG\u00c9TICAS<\/h1>\n<div style=\"display: flex; justify-content: center; align-items: center; gap: 10px; margin: 0px 0 15px 0;\">\n<div style=\"width: 80px; height: 2px; background-color: rgba(255, 255, 255, 0.5);\"><\/div>\n<div style=\"width: 80px; height: 2px; background-color: rgba(255, 255, 255);\"><\/div>\n<div style=\"width: 80px; height: 2px; background-color: rgba(255, 255, 255, 0.5);\"><\/div>\n<\/div>\n<h1 style=\"color: white; font-size: 1.5rem; margin-bottom: 50px; text-shadow: 2px 2px 5px rgba(0, 0, 0, 0.5);\">Conoce e identifica tu estado actual de implementaci\u00f3n de tu negocio<\/h1>\n<\/div>\n<\/div>\n<\/div>\n\t\t<\/div><\/div><\/div><div id=\"pg-2404-1\"  class=\"panel-grid panel-has-style\" ><div class=\"panel-row-style panel-row-style-for-2404-1\" ><div id=\"pgc-2404-1-0\"  class=\"panel-grid-cell panel-grid-cell-empty\" ><\/div><div id=\"pgc-2404-1-1\"  class=\"panel-grid-cell panel-grid-cell-mobile-last\" ><div id=\"panel-2404-1-1-0\" class=\"so-panel widget panel-first-child\" data-index=\"1\" ><\/div><div id=\"panel-2404-1-1-1\" class=\"so-panel widget\" data-index=\"2\" ><\/div><div id=\"panel-2404-1-1-2\" class=\"so-panel widget widget_sow-editor\" data-index=\"3\" ><div\n\t\t\t\n\t\t\tclass=\"so-widget-sow-editor so-widget-sow-editor-base\"\n\t\t\t\n\t\t>\n<div class=\"siteorigin-widget-tinymce textwidget\">\n\t<div style=\"text-align: justify; margin-top: 30px;\">\n<h4 style=\"color: #174885;\">Test de buenas pr\u00e1cticas de Eficiencia Energ\u00e9tica<\/h4>\n<p><span style=\"font-weight: 400;\">El Test de Buenas Pr\u00e1cticas de Eficiencia Energ\u00e9tica (Test de BPEE) es una herramienta cualitativa que permite identificar el estado actual de implementaci\u00f3n de un conjunto de buenas pr\u00e1cticas de eficiencia energ\u00e9tica, en temas transversales a diferentes actividades econ\u00f3micas.<br \/>\n<\/span><\/p>\n<\/div>\n<\/div>\n<\/div><\/div><div id=\"panel-2404-1-1-3\" class=\"so-panel widget widget_sow-editor\" data-index=\"4\" ><div\n\t\t\t\n\t\t\tclass=\"so-widget-sow-editor so-widget-sow-editor-base\"\n\t\t\t\n\t\t>\n<div class=\"siteorigin-widget-tinymce textwidget\">\n\t<\/div>\n<\/div><\/div><div id=\"panel-2404-1-1-4\" class=\"so-panel widget panel-last-child\" data-index=\"5\" ><\/div><\/div><div id=\"pgc-2404-1-2\"  class=\"panel-grid-cell panel-grid-cell-empty\" ><\/div><\/div><\/div><div id=\"pg-2404-2\"  class=\"panel-grid panel-has-style\" ><div class=\"panel-row-style panel-row-style-for-2404-2\" ><div id=\"pgc-2404-2-0\"  class=\"panel-grid-cell panel-grid-cell-empty\" ><\/div><div id=\"pgc-2404-2-1\"  class=\"panel-grid-cell panel-grid-cell-mobile-last\" ><div id=\"panel-2404-2-1-0\" class=\"so-panel widget widget_sow-editor panel-first-child panel-last-child\" data-index=\"6\" ><div\n\t\t\t\n\t\t\tclass=\"so-widget-sow-editor so-widget-sow-editor-base\"\n\t\t\t\n\t\t>\n<div class=\"siteorigin-widget-tinymce textwidget\">\n\t<p style=\"text-align: left;\"><span style=\"color: #164985;\"><strong>El Test puede ser aplicable en:<\/strong><\/span><\/p>\n<\/div>\n<\/div><\/div><\/div><div id=\"pgc-2404-2-2\"  class=\"panel-grid-cell panel-grid-cell-empty\" ><\/div><\/div><\/div><div id=\"pg-2404-3\"  class=\"panel-grid panel-no-style\" ><div id=\"pgc-2404-3-0\"  class=\"panel-grid-cell panel-grid-cell-empty\" ><\/div><div id=\"pgc-2404-3-1\"  class=\"panel-grid-cell\" ><div id=\"panel-2404-3-1-0\" class=\"so-panel widget widget_sow-editor panel-first-child panel-last-child\" data-index=\"7\" ><div\n\t\t\t\n\t\t\tclass=\"so-widget-sow-editor so-widget-sow-editor-base\"\n\t\t\t\n\t\t>\n<div class=\"siteorigin-widget-tinymce textwidget\">\n\t<p style=\"text-align: center;\"><img loading=\"lazy\" decoding=\"async\" class=\"alignnone wp-image-8651 size-thumbnail\" src=\"\/miempresacircular\/wp-content\/uploads\/2025\/03\/iconos_amarillos_cultura-150x150.png\" alt=\"\" width=\"150\" height=\"150\" srcset=\"https:\/\/desarrollo.infobox.com.pe\/miempresacircular\/wp-content\/uploads\/2025\/03\/iconos_amarillos_cultura-150x150.png 150w, https:\/\/desarrollo.infobox.com.pe\/miempresacircular\/wp-content\/uploads\/2025\/03\/iconos_amarillos_cultura-300x300.png 300w, https:\/\/desarrollo.infobox.com.pe\/miempresacircular\/wp-content\/uploads\/2025\/03\/iconos_amarillos_cultura.png 417w\" sizes=\"auto, (max-width: 150px) 100vw, 150px\" \/><\/p>\n<p style=\"text-align: center;\">Cultura y gesti\u00f3n de la energ\u00eda<\/p>\n<\/div>\n<\/div><\/div><\/div><div id=\"pgc-2404-3-2\"  class=\"panel-grid-cell\" ><div id=\"panel-2404-3-2-0\" class=\"so-panel widget widget_sow-editor panel-first-child panel-last-child\" data-index=\"8\" ><div\n\t\t\t\n\t\t\tclass=\"so-widget-sow-editor so-widget-sow-editor-base\"\n\t\t\t\n\t\t>\n<div class=\"siteorigin-widget-tinymce textwidget\">\n\t<p style=\"text-align: center;\"><img loading=\"lazy\" decoding=\"async\" class=\"alignnone wp-image-8652 size-thumbnail\" src=\"\/miempresacircular\/wp-content\/uploads\/2025\/03\/iconos_amarillos_equiposdeoficina-150x150.png\" alt=\"\" width=\"150\" height=\"150\" srcset=\"https:\/\/desarrollo.infobox.com.pe\/miempresacircular\/wp-content\/uploads\/2025\/03\/iconos_amarillos_equiposdeoficina-150x150.png 150w, https:\/\/desarrollo.infobox.com.pe\/miempresacircular\/wp-content\/uploads\/2025\/03\/iconos_amarillos_equiposdeoficina-300x300.png 300w, https:\/\/desarrollo.infobox.com.pe\/miempresacircular\/wp-content\/uploads\/2025\/03\/iconos_amarillos_equiposdeoficina.png 417w\" sizes=\"auto, (max-width: 150px) 100vw, 150px\" \/><\/p>\n<p style=\"text-align: center;\">Equipos de oficina<\/p>\n<\/div>\n<\/div><\/div><\/div><div id=\"pgc-2404-3-3\"  class=\"panel-grid-cell\" ><div id=\"panel-2404-3-3-0\" class=\"so-panel widget widget_sow-editor panel-first-child panel-last-child\" data-index=\"9\" ><div\n\t\t\t\n\t\t\tclass=\"so-widget-sow-editor so-widget-sow-editor-base\"\n\t\t\t\n\t\t>\n<div class=\"siteorigin-widget-tinymce textwidget\">\n\t<p style=\"text-align: center;\"><img loading=\"lazy\" decoding=\"async\" class=\"alignnone wp-image-8653 size-thumbnail\" src=\"\/miempresacircular\/wp-content\/uploads\/2025\/03\/iconos_amarillos_iluminacion-150x150.png\" alt=\"\" width=\"150\" height=\"150\" srcset=\"https:\/\/desarrollo.infobox.com.pe\/miempresacircular\/wp-content\/uploads\/2025\/03\/iconos_amarillos_iluminacion-150x150.png 150w, https:\/\/desarrollo.infobox.com.pe\/miempresacircular\/wp-content\/uploads\/2025\/03\/iconos_amarillos_iluminacion-300x300.png 300w, https:\/\/desarrollo.infobox.com.pe\/miempresacircular\/wp-content\/uploads\/2025\/03\/iconos_amarillos_iluminacion.png 417w\" sizes=\"auto, (max-width: 150px) 100vw, 150px\" \/><\/p>\n<p style=\"text-align: center;\">Iluminaci\u00f3n<\/p>\n<\/div>\n<\/div><\/div><\/div><div id=\"pgc-2404-3-4\"  class=\"panel-grid-cell\" ><div id=\"panel-2404-3-4-0\" class=\"so-panel widget widget_sow-editor panel-first-child panel-last-child\" data-index=\"10\" ><div\n\t\t\t\n\t\t\tclass=\"so-widget-sow-editor so-widget-sow-editor-base\"\n\t\t\t\n\t\t>\n<div class=\"siteorigin-widget-tinymce textwidget\">\n\t<p style=\"text-align: center;\"><img loading=\"lazy\" decoding=\"async\" class=\"alignnone wp-image-8654 size-thumbnail\" src=\"\/miempresacircular\/wp-content\/uploads\/2025\/03\/iconos_amarillos_climatizacion-150x150.png\" alt=\"\" width=\"150\" height=\"150\" srcset=\"https:\/\/desarrollo.infobox.com.pe\/miempresacircular\/wp-content\/uploads\/2025\/03\/iconos_amarillos_climatizacion-150x150.png 150w, https:\/\/desarrollo.infobox.com.pe\/miempresacircular\/wp-content\/uploads\/2025\/03\/iconos_amarillos_climatizacion-300x300.png 300w, https:\/\/desarrollo.infobox.com.pe\/miempresacircular\/wp-content\/uploads\/2025\/03\/iconos_amarillos_climatizacion.png 417w\" sizes=\"auto, (max-width: 150px) 100vw, 150px\" \/><\/p>\n<p style=\"text-align: center;\">Climatizaci\u00f3n<\/p>\n<\/div>\n<\/div><\/div><\/div><div id=\"pgc-2404-3-5\"  class=\"panel-grid-cell\" ><div id=\"panel-2404-3-5-0\" class=\"so-panel widget widget_sow-editor panel-first-child panel-last-child\" data-index=\"11\" ><div\n\t\t\t\n\t\t\tclass=\"so-widget-sow-editor so-widget-sow-editor-base\"\n\t\t\t\n\t\t>\n<div class=\"siteorigin-widget-tinymce textwidget\">\n\t<p style=\"text-align: center;\"><img loading=\"lazy\" decoding=\"async\" class=\"alignnone wp-image-8655 size-thumbnail\" src=\"\/miempresacircular\/wp-content\/uploads\/2025\/03\/iconos_amarillos_motores-150x150.png\" alt=\"\" width=\"150\" height=\"150\" srcset=\"https:\/\/desarrollo.infobox.com.pe\/miempresacircular\/wp-content\/uploads\/2025\/03\/iconos_amarillos_motores-150x150.png 150w, https:\/\/desarrollo.infobox.com.pe\/miempresacircular\/wp-content\/uploads\/2025\/03\/iconos_amarillos_motores-300x300.png 300w, https:\/\/desarrollo.infobox.com.pe\/miempresacircular\/wp-content\/uploads\/2025\/03\/iconos_amarillos_motores.png 417w\" sizes=\"auto, (max-width: 150px) 100vw, 150px\" \/><\/p>\n<p style=\"text-align: center;\">Motores<\/p>\n<\/div>\n<\/div><\/div><\/div><div id=\"pgc-2404-3-6\"  class=\"panel-grid-cell panel-grid-cell-mobile-last\" ><div id=\"panel-2404-3-6-0\" class=\"so-panel widget widget_sow-editor panel-first-child panel-last-child\" data-index=\"12\" ><div\n\t\t\t\n\t\t\tclass=\"so-widget-sow-editor so-widget-sow-editor-base\"\n\t\t\t\n\t\t>\n<div class=\"siteorigin-widget-tinymce textwidget\">\n\t<p style=\"text-align: center;\"><img loading=\"lazy\" decoding=\"async\" class=\"alignnone wp-image-8656 size-thumbnail\" src=\"\/miempresacircular\/wp-content\/uploads\/2025\/03\/iconos_amarillos_operatividad-150x150.png\" alt=\"\" width=\"150\" height=\"150\" srcset=\"https:\/\/desarrollo.infobox.com.pe\/miempresacircular\/wp-content\/uploads\/2025\/03\/iconos_amarillos_operatividad-150x150.png 150w, https:\/\/desarrollo.infobox.com.pe\/miempresacircular\/wp-content\/uploads\/2025\/03\/iconos_amarillos_operatividad-300x300.png 300w, https:\/\/desarrollo.infobox.com.pe\/miempresacircular\/wp-content\/uploads\/2025\/03\/iconos_amarillos_operatividad.png 417w\" sizes=\"auto, (max-width: 150px) 100vw, 150px\" \/><\/p>\n<p style=\"text-align: center;\">Operatividad<\/p>\n<\/div>\n<\/div><\/div><\/div><div id=\"pgc-2404-3-7\"  class=\"panel-grid-cell panel-grid-cell-empty\" ><\/div><\/div><div id=\"pg-2404-4\"  class=\"panel-grid panel-no-style\" ><div id=\"pgc-2404-4-0\"  class=\"panel-grid-cell panel-grid-cell-empty\" ><\/div><div id=\"pgc-2404-4-1\"  class=\"panel-grid-cell\" ><div id=\"panel-2404-4-1-0\" class=\"so-panel widget widget_sow-editor panel-first-child panel-last-child\" data-index=\"13\" ><div\n\t\t\t\n\t\t\tclass=\"so-widget-sow-editor so-widget-sow-editor-base\"\n\t\t\t\n\t\t>\n<div class=\"siteorigin-widget-tinymce textwidget\">\n\t<p style=\"text-align: center;\"><img loading=\"lazy\" decoding=\"async\" class=\"alignnone wp-image-8651 size-thumbnail\" src=\"\/miempresacircular\/wp-content\/uploads\/2025\/03\/iconos_amarillos_hornos.png\" alt=\"\" width=\"150\" height=\"150\" \/><\/p>\n<p style=\"text-align: center;\">Hornos<\/p>\n<\/div>\n<\/div><\/div><\/div><div id=\"pgc-2404-4-2\"  class=\"panel-grid-cell\" ><div id=\"panel-2404-4-2-0\" class=\"so-panel widget widget_sow-editor panel-first-child panel-last-child\" data-index=\"14\" ><div\n\t\t\t\n\t\t\tclass=\"so-widget-sow-editor so-widget-sow-editor-base\"\n\t\t\t\n\t\t>\n<div class=\"siteorigin-widget-tinymce textwidget\">\n\t<p style=\"text-align: center;\"><img loading=\"lazy\" decoding=\"async\" class=\"alignnone wp-image-8651 size-thumbnail\" src=\"\/miempresacircular\/wp-content\/uploads\/2025\/03\/iconos_amarillos_enfriamiento.png\" alt=\"\" width=\"150\" height=\"150\" \/><\/p>\n<p style=\"text-align: center;\">Sistemas de enfriamiento<\/p>\n<\/div>\n<\/div><\/div><\/div><div id=\"pgc-2404-4-3\"  class=\"panel-grid-cell\" ><div id=\"panel-2404-4-3-0\" class=\"so-panel widget widget_sow-editor panel-first-child panel-last-child\" data-index=\"15\" ><div\n\t\t\t\n\t\t\tclass=\"so-widget-sow-editor so-widget-sow-editor-base\"\n\t\t\t\n\t\t>\n<div class=\"siteorigin-widget-tinymce textwidget\">\n\t<p style=\"text-align: center;\"><img loading=\"lazy\" decoding=\"async\" class=\"alignnone wp-image-8651 size-thumbnail\" src=\"\/miempresacircular\/wp-content\/uploads\/2025\/03\/iconos_amarillos_calderas.png\" alt=\"\" width=\"150\" height=\"150\" \/><\/p>\n<p style=\"text-align: center;\">Calderas<\/p>\n<\/div>\n<\/div><\/div><\/div><div id=\"pgc-2404-4-4\"  class=\"panel-grid-cell\" ><div id=\"panel-2404-4-4-0\" class=\"so-panel widget widget_sow-editor panel-first-child panel-last-child\" data-index=\"16\" ><div\n\t\t\t\n\t\t\tclass=\"so-widget-sow-editor so-widget-sow-editor-base\"\n\t\t\t\n\t\t>\n<div class=\"siteorigin-widget-tinymce textwidget\">\n\t<p style=\"text-align: center;\"><img loading=\"lazy\" decoding=\"async\" class=\"alignnone wp-image-8651 size-thumbnail\" src=\"\/miempresacircular\/wp-content\/uploads\/2025\/03\/iconos_amarillos_airecomprimido.png\" alt=\"\" width=\"150\" height=\"150\" \/><\/p>\n<p style=\"text-align: center;\">Sistemas de aire comprimido<\/p>\n<\/div>\n<\/div><\/div><\/div><div id=\"pgc-2404-4-5\"  class=\"panel-grid-cell panel-grid-cell-mobile-last\" ><div id=\"panel-2404-4-5-0\" class=\"so-panel widget widget_sow-editor panel-first-child panel-last-child\" data-index=\"17\" ><div\n\t\t\t\n\t\t\tclass=\"so-widget-sow-editor so-widget-sow-editor-base\"\n\t\t\t\n\t\t>\n<div class=\"siteorigin-widget-tinymce textwidget\">\n\t<p style=\"text-align: justify; margin-top: 80px; margin-left: 30px;\">De estas tem\u00e1ticas, 4 pueden no ser aplicables (hornos, sistemas de enfriamiento, calderas y sistemas de aire comprimido)<\/p>\n<\/div>\n<\/div><\/div><\/div><div id=\"pgc-2404-4-6\"  class=\"panel-grid-cell panel-grid-cell-empty\" ><\/div><\/div><div id=\"pg-2404-5\"  class=\"panel-grid panel-has-style\" ><div class=\"panel-row-style panel-row-style-for-2404-5\" ><div id=\"pgc-2404-5-0\"  class=\"panel-grid-cell panel-grid-cell-empty\" ><\/div><div id=\"pgc-2404-5-1\"  class=\"panel-grid-cell panel-grid-cell-mobile-last\" ><div id=\"panel-2404-5-1-0\" class=\"so-panel widget widget_sow-editor panel-first-child panel-last-child\" data-index=\"18\" ><div\n\t\t\t\n\t\t\tclass=\"so-widget-sow-editor so-widget-sow-editor-base\"\n\t\t\t\n\t\t>\n<div class=\"siteorigin-widget-tinymce textwidget\">\n\t<div style=\"color: #5a5d60; text-align: justify;\">\n<p style=\"text-align: left;\"><span style=\"color: #164985;\"><strong>Este test puede ser aplicado por:<\/strong><\/span><\/p>\n<ul>\n<li>Un prestador de servicio<\/li>\n<li>Empresas<\/li>\n<\/ul>\n<p><span style=\"font-weight: 400;\">La eficiencia energ\u00e9tica es un paso clave hacia una operaci\u00f3n mas circular y sostenible. No pierdas la oportunidad de evaluar e implementar pr\u00e1cticas de circularidad para mejorar tu rentabilidad, competitividad y productividad.\u00a0<\/span><\/p>\n<p><span style=\"font-weight: 400;\">Para realizar el Test de BPEE, registra a tu empresa y responde el cuestionario. Ello te permitir\u00e1 conocer tu estado de implementaci\u00f3n y recomendaciones por cada tem\u00e1tica para mejorar este diagn\u00f3stico.<\/span><\/p>\n<p><span style=\"font-weight: 400;\">\u00a1Act\u00faa y s\u00e9 parte del cambio o transformaci\u00f3n!<\/span><\/p>\n<\/div>\n<\/div>\n<\/div><\/div><\/div><div id=\"pgc-2404-5-2\"  class=\"panel-grid-cell panel-grid-cell-empty\" ><\/div><\/div><\/div><div id=\"pg-2404-6\"  class=\"panel-grid panel-has-style\" ><div class=\"panel-row-style panel-row-style-for-2404-6\" ><div id=\"pgc-2404-6-0\"  class=\"panel-grid-cell panel-grid-cell-empty\" ><\/div><div id=\"pgc-2404-6-1\"  class=\"panel-grid-cell panel-grid-cell-mobile-last\" ><div id=\"panel-2404-6-1-0\" class=\"so-panel widget widget_sow-editor panel-first-child panel-last-child\" data-index=\"19\" ><div\n\t\t\t\n\t\t\tclass=\"so-widget-sow-editor so-widget-sow-editor-base\"\n\t\t\t\n\t\t>\n<div class=\"siteorigin-widget-tinymce textwidget\">\n\t<p style=\"text-align: center;\"><img loading=\"lazy\" decoding=\"async\" class=\"alignnone wp-image-9735 size-medium\" src=\"\/miempresacircular\/wp-content\/uploads\/2025\/05\/ChatGPT-Image-19-may-2025-15_17_30-300x300.png\" alt=\"\" width=\"500\" height=\"500\" srcset=\"https:\/\/desarrollo.infobox.com.pe\/miempresacircular\/wp-content\/uploads\/2025\/05\/ChatGPT-Image-19-may-2025-15_17_30-300x300.png 300w, https:\/\/desarrollo.infobox.com.pe\/miempresacircular\/wp-content\/uploads\/2025\/05\/ChatGPT-Image-19-may-2025-15_17_30-150x150.png 150w, https:\/\/desarrollo.infobox.com.pe\/miempresacircular\/wp-content\/uploads\/2025\/05\/ChatGPT-Image-19-may-2025-15_17_30-768x768.png 768w, https:\/\/desarrollo.infobox.com.pe\/miempresacircular\/wp-content\/uploads\/2025\/05\/ChatGPT-Image-19-may-2025-15_17_30.png 1024w\" sizes=\"auto, (max-width: 500px) 100vw, 500px\" \/><\/p>\n<\/div>\n<\/div><\/div><\/div><div id=\"pgc-2404-6-2\"  class=\"panel-grid-cell panel-grid-cell-empty\" ><\/div><\/div><\/div><div id=\"pg-2404-7\"  class=\"panel-grid panel-has-style\" ><div class=\"panel-row-style panel-row-style-for-2404-7\" ><div id=\"pgc-2404-7-0\"  class=\"panel-grid-cell panel-grid-cell-empty\" ><\/div><div id=\"pgc-2404-7-1\"  class=\"panel-grid-cell panel-grid-cell-mobile-last\" ><div id=\"panel-2404-7-1-0\" class=\"widget_text so-panel widget widget_custom_html panel-first-child panel-last-child\" data-index=\"20\" ><div class=\"textwidget custom-html-widget\"><div style=\"\n  display: flex;\n  justify-content: center;\n  gap: 16px;\n  flex-wrap: wrap;\n\">\n\n  <button onclick=\"window.location.href=''\" style=\"\n    background-color: #164985;\n    color: white;\n    padding: 16px 24px;\n    border-radius: 40px;\n    border: none;\n    font-weight: bold;\n    font-size: clamp(12px, 1vw, 18px);\n    text-align: center;\n    text-decoration: none;\n    cursor: pointer;\n    display: inline-block;\n    line-height: 1.2;\n    box-sizing: border-box;\n    min-width: 200px;\n  \">\n    Ir al Test BPEE\n  <\/button>\n\n  <button onclick=\"window.location.href=''\" style=\"\n    background-color: #164985;\n    color: white;\n    padding: 16px 24px;\n    border-radius: 40px;\n    border: none;\n    font-weight: bold;\n    font-size: clamp(12px, 1vw, 18px);\n    text-align: center;\n    text-decoration: none;\n    cursor: pointer;\n    display: inline-block;\n    line-height: 1.2;\n    box-sizing: border-box;\n    min-width: 200px;\n  \">\n    Ver tutorial de uso\n  <\/button>\n\n<\/div>\n<\/div><\/div><\/div><div id=\"pgc-2404-7-2\"  class=\"panel-grid-cell panel-grid-cell-empty\" ><\/div><\/div><\/div><\/div>","protected":false},"excerpt":{"rendered":"<p>TEST DE BUENAS PR\u00c1CTICAS DE EFICIENCIA ENERG\u00c9TICAS Conoce e identifica tu estado actual de implementaci\u00f3n de tu negocio Test de buenas pr\u00e1cticas de Eficiencia Energ\u00e9tica El Test de Buenas Pr\u00e1cticas de Eficiencia Energ\u00e9tica (Test de BPEE) es una herramienta cualitativa que permite identificar el estado actual de implementaci\u00f3n de un conjunto de buenas pr\u00e1cticas de [&hellip;]<\/p>\n","protected":false},"author":1,"featured_media":0,"parent":0,"menu_order":0,"comment_status":"closed","ping_status":"closed","template":"","meta":{"footnotes":""},"tags":[],"class_list":["post-2404","page","type-page","status-publish","hentry"],"_links":{"self":[{"href":"https:\/\/desarrollo.infobox.com.pe\/miempresacircular\/wp-json\/wp\/v2\/pages\/2404","targetHints":{"allow":["GET"]}}],"collection":[{"href":"https:\/\/desarrollo.infobox.com.pe\/miempresacircular\/wp-json\/wp\/v2\/pages"}],"about":[{"href":"https:\/\/desarrollo.infobox.com.pe\/miempresacircular\/wp-json\/wp\/v2\/types\/page"}],"author":[{"embeddable":true,"href":"https:\/\/desarrollo.infobox.com.pe\/miempresacircular\/wp-json\/wp\/v2\/users\/1"}],"replies":[{"embeddable":true,"href":"https:\/\/desarrollo.infobox.com.pe\/miempresacircular\/wp-json\/wp\/v2\/comments?post=2404"}],"version-history":[{"count":101,"href":"https:\/\/desarrollo.infobox.com.pe\/miempresacircular\/wp-json\/wp\/v2\/pages\/2404\/revisions"}],"predecessor-version":[{"id":10487,"href":"https:\/\/desarrollo.infobox.com.pe\/miempresacircular\/wp-json\/wp\/v2\/pages\/2404\/revisions\/10487"}],"wp:attachment":[{"href":"https:\/\/desarrollo.infobox.com.pe\/miempresacircular\/wp-json\/wp\/v2\/media?parent=2404"}],"wp:term":[{"taxonomy":"post_tag","embeddable":true,"href":"https:\/\/desarrollo.infobox.com.pe\/miempresacircular\/wp-json\/wp\/v2\/tags?post=2404"}],"curies":[{"name":"wp","href":"https:\/\/api.w.org\/{rel}","templated":true}]}}