{"id":2420,"date":"2023-08-27T09:36:45","date_gmt":"2023-08-27T14:36:45","guid":{"rendered":"https:\/\/miempresacircular.pe\/?page_id=2420"},"modified":"2025-06-13T11:37:27","modified_gmt":"2025-06-13T16:37:27","slug":"buscador-de-entidades","status":"publish","type":"page","link":"https:\/\/desarrollo.infobox.com.pe\/miempresacircular\/buscador-de-entidades\/","title":{"rendered":"Buscador de entidades"},"content":{"rendered":"<div id=\"pl-2420\"  class=\"panel-layout\" ><div id=\"pg-2420-0\"  class=\"panel-grid panel-no-style\" ><div id=\"pgc-2420-0-0\"  class=\"panel-grid-cell\" ><div id=\"panel-2420-0-0-0\" class=\"so-panel widget widget_text panel-first-child panel-last-child\" data-index=\"0\" >\t\t\t<div class=\"textwidget\"><div style=\"position: relative; width: 100%; height: 450px; background-image: url('\/miempresacircular\/wp-content\/uploads\/2023\/12\/Banners-interiores1-scaled.jpg'); background-size: cover; background-position: center; background-repeat: no-repeat; display: flex; align-items: center; justify-content: center; text-align: center; margin: 0; padding: 0;\">\n<div style=\"background: rgba(30, 76, 127, 0.9); padding: 10px 40px; border-radius: 0px; height: 200px; width: 800px; max-width: 70%; text-align: center;\">\n<h1 style=\"color: white; font-size: 2rem; margin-top: 30px; text-shadow: 2px 2px 5px rgba(0, 0, 0, 0.5);\">BUSCADOR DE ENTIDADES<\/h1>\n<div style=\"display: flex; justify-content: center; align-items: center; gap: 10px; margin: 8px 0 20px 0;\">\n<div style=\"width: 80px; height: 2px; background-color: rgba(255, 255, 255, 0.5);\"><\/div>\n<div style=\"width: 80px; height: 2px; background-color: rgba(255, 255, 255);\"><\/div>\n<div style=\"width: 80px; height: 2px; background-color: rgba(255, 255, 255, 0.5);\"><\/div>\n<\/div>\n<h1 style=\"color: white; font-size: 1.5rem; margin: 10px; text-shadow: 2px 2px 5px rgba(0, 0, 0, 0.5);\">Conoce a las entidades que te ayudar\u00e1n a dar el primer paso hacia la circularidad, con \u00e9nfasis en Eficiencia Energ\u00e9tica.<\/h1>\n<\/div>\n<\/div>\n<\/div>\n\t\t<\/div><\/div><\/div><div id=\"pg-2420-1\"  class=\"panel-grid panel-has-style\" ><div class=\"panel-row-style panel-row-style-for-2420-1\" ><div id=\"pgc-2420-1-0\"  class=\"panel-grid-cell panel-grid-cell-empty\" ><\/div><div id=\"pgc-2420-1-1\"  class=\"panel-grid-cell panel-grid-cell-mobile-last\" ><div id=\"panel-2420-1-1-0\" class=\"so-panel widget widget_text panel-first-child\" data-index=\"1\" >\t\t\t<div class=\"textwidget\"><div style=\"text-align: justify; margin-top: 30px; color: #5a5d60;\">\n<h4 style=\"color: #164985;\">Buscador de entidades<\/h4>\n<p><span class=\"TextRun SCXW126793384 BCX0\" lang=\"ES-PE\" xml:lang=\"ES-PE\" data-contrast=\"none\"><span class=\"NormalTextRun SCXW126793384 BCX0\" data-ccp-parastyle=\"Normal0\"><strong style=\"color: #164985;\"><span class=\"TextRun SCXW25828786 BCX0\" lang=\"ES-PE\" xml:lang=\"ES-PE\" data-contrast=\"none\"><span class=\"NormalTextRun SCXW25828786 BCX0\" data-ccp-parastyle=\"Normal0\">Aqu\u00ed podr\u00e1s encontrar personas, organizaciones y empresas comprometidas con la econom\u00eda circular, con \u00e9nfasis en la eficiencia energ\u00e9tica en la industria manufacturera.<\/span><\/span><\/strong><span class=\"EOP SCXW25828786 BCX0\" data-ccp-props=\"{&quot;201341983&quot;:0,&quot;335551550&quot;:2,&quot;335551620&quot;:2,&quot;335559738&quot;:240,&quot;335559739&quot;:120,&quot;335559740&quot;:360}\">\u00a0<\/span> <\/span><\/span><\/p>\n<p>Te presentamos la red de instituciones p\u00fablicas, academia, gremios, empresas y organizaciones de la sociedad civil que est\u00e1n comprometidas con impulsar la econom\u00eda circular en la industria manufacturera y comercio interno, con \u00e9nfasis en la eficiencia energ\u00e9tica.<\/p>\n<p>Te presentamos nuestro buscador interactivo dise\u00f1ado para conectar con entidades de todo el pa\u00eds vinculadas a las siguientes especialidades:<\/p>\n<ul>\n<li>Optimizaci\u00f3n de procesos<\/li>\n<li>Diagn\u00f3stico energ\u00e9tico<\/li>\n<li>Implementadores de soluciones energ\u00e9ticas: proyectos de eficiencia energ\u00e9tica y energ\u00edas renovables<\/li>\n<li>Econom\u00eda Circular<\/li>\n<\/ul>\n<\/div>\n<\/div>\n\t\t<\/div><div id=\"json-filters\" style=\"width:100%;background-color:var(--bs-blue);\" class=\"p-4 mt-3\">\n            <div class=\"row mb-2\">\n                <div class=\"col-12\">\n                    <input type=\"text\" id=\"filter-nombre\" class=\"form-control\" placeholder=\"Filtrar por nombre\">\n                <\/div>\n            <\/div>\n            <div class=\"row\">\n                <div class=\"col-12 col-md-4 mb-2 mb-md-0\">\n                    <select id=\"filter-especialidad\" class=\"form-select\"><option value=\"\">Todas las especialidades<\/option><\/select>\n                <\/div>\n                <div class=\"col-12 col-md-4 mb-2 mb-md-0\">\n                    <select id=\"filter-region\" class=\"form-select\"><option value=\"\">Todas las regiones<\/option><\/select>\n                <\/div>\n                <div class=\"col-12 col-md-4\">\n                    <select id=\"filter-tipo-institucion\" class=\"form-select\"><option value=\"\">Todos los tipos de instituciones<\/option><\/select>\n                <\/div>\n            <\/div>\n        <\/div>\n        <div id=\"json-lista\" class=\"row mt-3\"><\/div><\/div><div id=\"pgc-2420-1-2\"  class=\"panel-grid-cell panel-grid-cell-empty\" ><\/div><\/div><\/div><div id=\"pg-2420-2\"  class=\"panel-grid panel-has-style\" ><div class=\"panel-row-style panel-row-style-for-2420-2\" ><div id=\"pgc-2420-2-0\"  class=\"panel-grid-cell panel-grid-cell-empty\" ><\/div><div id=\"pgc-2420-2-1\"  class=\"panel-grid-cell panel-grid-cell-mobile-last\" ><div id=\"panel-2420-2-1-0\" class=\"so-panel widget panel-first-child\" data-index=\"3\" ><\/div><div id=\"panel-2420-2-1-1\" class=\"so-panel widget widget_sow-editor\" data-index=\"4\" ><div\n\t\t\t\n\t\t\tclass=\"so-widget-sow-editor so-widget-sow-editor-base\"\n\t\t\t\n\t\t>\n<div class=\"siteorigin-widget-tinymce textwidget\">\n\t<div style=\"text-align: justify;\">\n<p><b style=\"color: #164985;\">\u00bfC\u00f3mo inscribirte si quieres formar parte del buscador?<\/b><\/p>\n<p><span style=\"font-weight: 400;\">Si eres una persona jur\u00eddica y quieres contribuir al tr\u00e1nsito hacia la econom\u00eda circular ofreciendo servicios de eficiencia energ\u00e9tica, te invitamos a participar en el proceso de selecci\u00f3n de proveedores energ\u00e9ticos.<\/span><\/p>\n<p><span style=\"font-weight: 400;\">As\u00ed podr\u00e1s formar parte de un grupo de empresas que recibir\u00e1n capacitaci\u00f3n y podr\u00e1n ofrecer sus servicios a trav\u00e9s del movimiento \"Tu mejor energ\u00eda\".<\/span><\/p>\n<\/div>\n<\/div>\n<\/div><\/div><div id=\"panel-2420-2-1-2\" class=\"so-panel widget panel-last-child\" data-index=\"5\" ><\/div><\/div><div id=\"pgc-2420-2-2\"  class=\"panel-grid-cell panel-grid-cell-empty\" ><\/div><\/div><\/div><div id=\"pg-2420-3\"  class=\"panel-grid panel-no-style\" ><div id=\"pgc-2420-3-0\"  class=\"panel-grid-cell panel-grid-cell-empty\" ><\/div><div id=\"pgc-2420-3-1\"  class=\"panel-grid-cell panel-grid-cell-mobile-last\" ><div id=\"panel-2420-3-1-0\" class=\"widget_text so-panel widget widget_custom_html panel-first-child panel-last-child\" data-index=\"6\" ><div class=\"textwidget custom-html-widget\"><button onclick=\"window.location.href='\/miempresacircular\/descubre-mas\/'\" style=\"\n  background-color: #164985;\n  color: white;\n  padding: 16px 24px;\n  border-radius: 40px;\n  border: none;\n  font-weight: bold;\n  font-size: clamp(12px, 1vw, 20px);\n  text-align: center;\n  text-decoration: none;\n  cursor: pointer;\n  display: inline-block;\n  line-height: 1.2;\n  box-sizing: border-box;\n\">\nConoce m\u00e1s\n<\/button>\n<\/div><\/div><\/div><div id=\"pgc-2420-3-2\"  class=\"panel-grid-cell panel-grid-cell-empty\" ><\/div><\/div><\/div>","protected":false},"excerpt":{"rendered":"<p>BUSCADOR DE ENTIDADES Conoce a las entidades que te ayudar\u00e1n a dar el primer paso hacia la circularidad, con \u00e9nfasis en Eficiencia Energ\u00e9tica. Buscador de entidades Aqu\u00ed podr\u00e1s encontrar personas, organizaciones y empresas comprometidas con la econom\u00eda circular, con \u00e9nfasis en la eficiencia energ\u00e9tica en la industria manufacturera.\u00a0 Te presentamos la red de instituciones p\u00fablicas, [&hellip;]<\/p>\n","protected":false},"author":1,"featured_media":0,"parent":0,"menu_order":0,"comment_status":"closed","ping_status":"closed","template":"","meta":{"footnotes":""},"tags":[],"class_list":["post-2420","page","type-page","status-publish","hentry"],"_links":{"self":[{"href":"https:\/\/desarrollo.infobox.com.pe\/miempresacircular\/wp-json\/wp\/v2\/pages\/2420","targetHints":{"allow":["GET"]}}],"collection":[{"href":"https:\/\/desarrollo.infobox.com.pe\/miempresacircular\/wp-json\/wp\/v2\/pages"}],"about":[{"href":"https:\/\/desarrollo.infobox.com.pe\/miempresacircular\/wp-json\/wp\/v2\/types\/page"}],"author":[{"embeddable":true,"href":"https:\/\/desarrollo.infobox.com.pe\/miempresacircular\/wp-json\/wp\/v2\/users\/1"}],"replies":[{"embeddable":true,"href":"https:\/\/desarrollo.infobox.com.pe\/miempresacircular\/wp-json\/wp\/v2\/comments?post=2420"}],"version-history":[{"count":115,"href":"https:\/\/desarrollo.infobox.com.pe\/miempresacircular\/wp-json\/wp\/v2\/pages\/2420\/revisions"}],"predecessor-version":[{"id":10468,"href":"https:\/\/desarrollo.infobox.com.pe\/miempresacircular\/wp-json\/wp\/v2\/pages\/2420\/revisions\/10468"}],"wp:attachment":[{"href":"https:\/\/desarrollo.infobox.com.pe\/miempresacircular\/wp-json\/wp\/v2\/media?parent=2420"}],"wp:term":[{"taxonomy":"post_tag","embeddable":true,"href":"https:\/\/desarrollo.infobox.com.pe\/miempresacircular\/wp-json\/wp\/v2\/tags?post=2420"}],"curies":[{"name":"wp","href":"https:\/\/api.w.org\/{rel}","templated":true}]}}