{"id":3363,"date":"2023-09-28T03:58:18","date_gmt":"2023-09-28T08:58:18","guid":{"rendered":"https:\/\/miempresacircular.pe\/?page_id=3363"},"modified":"2025-06-10T17:26:15","modified_gmt":"2025-06-10T22:26:15","slug":"mi-empresa-circular-2","status":"publish","type":"page","link":"https:\/\/desarrollo.infobox.com.pe\/miempresacircular\/mi-empresa-circular-2\/","title":{"rendered":"Mi empresa circular"},"content":{"rendered":"<div id=\"pl-3363\"  class=\"panel-layout\" ><div id=\"pg-3363-0\"  class=\"panel-grid panel-no-style\" ><div id=\"pgc-3363-0-0\"  class=\"panel-grid-cell\" ><div id=\"panel-3363-0-0-0\" class=\"so-panel widget widget_text panel-first-child panel-last-child\" data-index=\"0\" >\t\t\t<div class=\"textwidget\"><div style=\"position: relative; width: 100%; height: 450px; background-image: url('https:\/\/desarrollo.infobox.com.pe\/miempresacircular\/wp-content\/uploads\/2023\/12\/Banners-interiores1-scaled.jpg'); background-size: cover; background-position: center; background-repeat: no-repeat; display: flex; align-items: center; justify-content: center; text-align: center; margin: 0; padding: 0;\">\n<div style=\"background: rgba(30, 76, 127, 0.9); padding: 20px 40px; border-radius: 0px; width: 800px; max-width: 70%; text-align: center;\">\n<h1 style=\"color: white; font-size: 2rem; margin-top: 30px; text-shadow: 2px 2px 5px rgba(0, 0, 0, 0.5);\">MI EMPRESA CIRCULAR<\/h1>\n<div style=\"display: flex; justify-content: center; align-items: center; gap: 10px; margin: 0px 0 40px 0;\">\n<div style=\"width: 80px; height: 2px; background-color: rgba(255, 255, 255, 0.5);\"><\/div>\n<div style=\"width: 80px; height: 2px; background-color: rgba(255, 255, 255);\"><\/div>\n<div style=\"width: 80px; height: 2px; background-color: rgba(255, 255, 255, 0.5);\"><\/div>\n<\/div>\n<h1 style=\"color: white; font-size: 1.5rem; margin: 40; bottom: 50px; text-shadow: 2px 2px 5px rgba(0, 0, 0, 0.5);\">Conoce el camino hacia una empresa m\u00e1s eficiente,<\/h1>\n<h1 style=\"color: white; font-size: 1.5rem; margin: 40; bottom: 50px; text-shadow: 2px 2px 5px rgba(0, 0, 0, 0.5);\">sostenible y circular<\/h1>\n<\/div>\n<\/div>\n<\/div>\n\t\t<\/div><\/div><\/div><div id=\"pg-3363-1\"  class=\"panel-grid panel-has-style\" ><div class=\"panel-row-style panel-row-style-for-3363-1\" ><div id=\"pgc-3363-1-0\"  class=\"panel-grid-cell panel-grid-cell-empty\" ><\/div><div id=\"pgc-3363-1-1\"  class=\"panel-grid-cell panel-grid-cell-mobile-last\" ><div id=\"panel-3363-1-1-0\" class=\"so-panel widget widget_sow-editor panel-first-child panel-last-child\" data-index=\"1\" ><div\n\t\t\t\n\t\t\tclass=\"so-widget-sow-editor so-widget-sow-editor-base\"\n\t\t\t\n\t\t>\n<div class=\"siteorigin-widget-tinymce textwidget\">\n\t<div style=\"text-align: justify; margin-top: 30px;\">\n<h4 style=\"color: #164985;\"><span style=\"color: #164985;\">Antecedentes<\/span><\/h4>\n<p><span style=\"font-weight: 400;\">A continuaci\u00f3n, presentamos una <\/span><span style=\"color: #164985;\"><b>l\u00ednea de tiempo<\/b><\/span><span style=\"font-weight: 400;\"> que recorre los hitos m\u00e1s significativos en el contexto de la econom\u00eda circular en nuestro pa\u00eds. Esta l\u00ednea de tiempo resalta los avances clave que est\u00e1n impulsando el desarrollo de un modelo econ\u00f3mico sostenible, con un enfoque de transici\u00f3n justa.<\/span><\/p>\n<\/div>\n<\/div>\n<\/div><\/div><\/div><div id=\"pgc-3363-1-2\"  class=\"panel-grid-cell panel-grid-cell-empty\" ><\/div><\/div><\/div><div id=\"pg-3363-2\"  class=\"panel-grid panel-no-style\" ><div id=\"pgc-3363-2-0\"  class=\"panel-grid-cell\" ><div id=\"panel-3363-2-0-0\" class=\"so-panel widget widget_text panel-first-child panel-last-child\" data-index=\"2\" >\t\t\t<div class=\"textwidget\"><div style=\"text-align: center; margin-top: 20px;\"><img decoding=\"async\" style=\"max-width: 100%; height: 410px;\" src=\"https:\/\/desarrollo.infobox.com.pe\/miempresacircular\/wp-content\/uploads\/2025\/05\/Linea_Tiempo.png\" alt=\"L\u00ednea de tiempo\" \/><\/div>\n<\/div>\n\t\t<\/div><\/div><\/div><div id=\"pg-3363-3\"  class=\"panel-grid panel-has-style\" ><div class=\"panel-row-style panel-row-style-for-3363-3\" ><div id=\"pgc-3363-3-0\"  class=\"panel-grid-cell panel-grid-cell-empty\" ><\/div><div id=\"pgc-3363-3-1\"  class=\"panel-grid-cell panel-grid-cell-mobile-last\" ><div id=\"panel-3363-3-1-0\" class=\"so-panel widget widget_sow-editor panel-first-child\" data-index=\"3\" ><div\n\t\t\t\n\t\t\tclass=\"so-widget-sow-editor so-widget-sow-editor-base\"\n\t\t\t\n\t\t>\n<div class=\"siteorigin-widget-tinymce textwidget\">\n\t<p><span style=\"color: #164985; font-size: 18pt; font-family: 'Fredoka', sans-serif;\">\u00bfQu\u00e9 es <strong>Mi Empresa Circular<\/strong>?<\/span><\/p>\n<p>Es un <span style=\"color: #164985;\"><strong>hub de informaci\u00f3n<\/strong><\/span>, liderado por el Ministerio de la Producci\u00f3n (PRODUCE), que re\u00fane informaci\u00f3n especializada, veraz, actualizada y relevante de diversos actores, as\u00ed como a recursos diversos para sensibilizar y contribuir al desarrollo de capacidades en <span style=\"color: #164985;\"><strong>empresas manufactureras y de comercio interno<\/strong><\/span> para promover su tr\u00e1nsito hacia la econom\u00eda circular. En su primera versi\u00f3n desarrollada por la Comisi\u00f3n por una Econom\u00eda Circular Manufacturera en Per\u00fa.<\/p>\n<\/div>\n<\/div><\/div><div id=\"panel-3363-3-1-1\" class=\"so-panel widget panel-last-child\" data-index=\"4\" ><\/div><\/div><div id=\"pgc-3363-3-2\"  class=\"panel-grid-cell panel-grid-cell-empty\" ><\/div><\/div><\/div><div id=\"pg-3363-4\"  class=\"panel-grid panel-no-style\" ><div id=\"pgc-3363-4-0\"  class=\"panel-grid-cell\" ><div id=\"panel-3363-4-0-0\" class=\"widget_text so-panel widget widget_custom_html panel-first-child panel-last-child\" data-index=\"5\" ><div class=\"textwidget custom-html-widget\"><div class=\"dashboard-container\">\n  <h2 class=\"dashboard-title\" style=\"color: #174885;\">Contador de empresas registradas en el Hub Mi Empresa Circular<\/h2>\n\n  <div class=\"dashboard-card\">\n    <div class=\"card-title\">N\u00famero de Empresas registradas<\/div>\n    <div id=\"total-empresas\" class=\"card-number\"><span class=\"total-count\">...<\/span><\/div>\n<\/div>\n<script>\n  fetch('https:\/\/giz.infobox.com.pe\/api\/total-companies')\n    .then(response => response.json())\n    .then(data => {\n      if (data.status && data.total !== undefined) {\n        document.querySelector('#total-empresas .total-count').textContent = data.total;\n      } else {\n        document.querySelector('#total-empresas .total-count').textContent = 'No disponible';\n      }\n    })\n    .catch(error => {\n      console.error('Error al obtener total de empresas:', error);\n      document.querySelector('#total-empresas .total-count').textContent = 'Error';\n \u00a0\u00a0\u00a0});\n<\/script>\n<\/div>\n \n<style>\n.dashboard-container {\n  max-width: 800px;\n  margin: 0 auto;\n  padding: 30px 20px;\n  background-color: #ffffff;\n  border-radius: 16px;\n  box-shadow: 0 4px 12px rgba(0, 0, 0, 0.05);\n}\n\n.dashboard-title {\n  font-size: 24px;\n  font-weight: 700;\n  margin-bottom: 30px;\n  text-align: center;\n  color: #1f1f1f;\n}\n\n.dashboard-card {\n  display: flex;\n  justify-content: space-between;\n  align-items: center;\n  background-color: #f5f7fa;\n  padding: 18px 24px;\n  margin-bottom: 15px;\n  border-radius: 12px;\n  transition: background-color 0.2s ease;\n}\n\n.dashboard-card:hover {\n  background-color: #e8edf3;\n}\n\n.card-title {\n  font-size: 16px;\n  font-weight: 500;\n  color: #333;\n}\n\n.card-number {\n  font-size: 20px;\n  font-weight: bold;\n  color: #0047bb;\n}\n\t<\/style><\/div><\/div><\/div><\/div><\/div>","protected":false},"excerpt":{"rendered":"<p>MI EMPRESA CIRCULAR Conoce el camino hacia una empresa m\u00e1s eficiente, sostenible y circular Antecedentes A continuaci\u00f3n, presentamos una l\u00ednea de tiempo que recorre los hitos m\u00e1s significativos en el contexto de la econom\u00eda circular en nuestro pa\u00eds. Esta l\u00ednea de tiempo resalta los avances clave que est\u00e1n impulsando el desarrollo de un modelo econ\u00f3mico [&hellip;]<\/p>\n","protected":false},"author":1,"featured_media":0,"parent":0,"menu_order":0,"comment_status":"closed","ping_status":"closed","template":"","meta":{"footnotes":""},"tags":[],"class_list":["post-3363","page","type-page","status-publish","hentry"],"_links":{"self":[{"href":"https:\/\/desarrollo.infobox.com.pe\/miempresacircular\/wp-json\/wp\/v2\/pages\/3363","targetHints":{"allow":["GET"]}}],"collection":[{"href":"https:\/\/desarrollo.infobox.com.pe\/miempresacircular\/wp-json\/wp\/v2\/pages"}],"about":[{"href":"https:\/\/desarrollo.infobox.com.pe\/miempresacircular\/wp-json\/wp\/v2\/types\/page"}],"author":[{"embeddable":true,"href":"https:\/\/desarrollo.infobox.com.pe\/miempresacircular\/wp-json\/wp\/v2\/users\/1"}],"replies":[{"embeddable":true,"href":"https:\/\/desarrollo.infobox.com.pe\/miempresacircular\/wp-json\/wp\/v2\/comments?post=3363"}],"version-history":[{"count":87,"href":"https:\/\/desarrollo.infobox.com.pe\/miempresacircular\/wp-json\/wp\/v2\/pages\/3363\/revisions"}],"predecessor-version":[{"id":10419,"href":"https:\/\/desarrollo.infobox.com.pe\/miempresacircular\/wp-json\/wp\/v2\/pages\/3363\/revisions\/10419"}],"wp:attachment":[{"href":"https:\/\/desarrollo.infobox.com.pe\/miempresacircular\/wp-json\/wp\/v2\/media?parent=3363"}],"wp:term":[{"taxonomy":"post_tag","embeddable":true,"href":"https:\/\/desarrollo.infobox.com.pe\/miempresacircular\/wp-json\/wp\/v2\/tags?post=3363"}],"curies":[{"name":"wp","href":"https:\/\/api.w.org\/{rel}","templated":true}]}}