{"id":3368,"date":"2023-09-28T04:01:08","date_gmt":"2023-09-28T09:01:08","guid":{"rendered":"https:\/\/miempresacircular.pe\/?page_id=3368"},"modified":"2025-06-13T12:02:24","modified_gmt":"2025-06-13T17:02:24","slug":"economia-circular","status":"publish","type":"page","link":"https:\/\/desarrollo.infobox.com.pe\/miempresacircular\/economia-circular\/","title":{"rendered":"Econom\u00eda circular"},"content":{"rendered":"<div id=\"pl-3368\"  class=\"panel-layout\" ><div id=\"pg-3368-0\"  class=\"panel-grid panel-no-style\" ><div id=\"pgc-3368-0-0\"  class=\"panel-grid-cell\" ><div id=\"panel-3368-0-0-0\" class=\"so-panel widget widget_text panel-first-child panel-last-child\" data-index=\"0\" >\t\t\t<div class=\"textwidget\"><div style=\"position: relative; width: 100%; height: 450px; background-image: url('\/miempresacircular\/wp-content\/uploads\/2023\/12\/Banners-interiores1-scaled.jpg'); background-size: cover; background-position: center; background-repeat: no-repeat; display: flex; align-items: center; justify-content: center; text-align: center; margin: 0; padding: 0;\">\n<div style=\"background: rgba(30, 76, 127, 0.9); padding: 20px 40px; border-radius: 0px; height: 200px; width: 800px; max-width: 80%; text-align: center;\">\n<h1 style=\"color: white; font-size: 2rem; margin-top: 30px; text-shadow: 2px 2px 5px rgba(0, 0, 0, 0.5);\">INFORMACI\u00d3N SOBRE ESTA INICIATIVA<\/h1>\n<div style=\"display: flex; justify-content: center; align-items: center; gap: 10px; margin: 8px 0 20px 0;\">\n<div style=\"width: 80px; height: 2px; background-color: rgba(255, 255, 255, 0.5);\"><\/div>\n<div style=\"width: 80px; height: 2px; background-color: rgba(255, 255, 255);\"><\/div>\n<div style=\"width: 80px; height: 2px; background-color: rgba(255, 255, 255, 0.5);\"><\/div>\n<\/div>\n<h1 style=\"color: white; font-size: 1.5rem; margin-bottom: 50px; text-shadow: 2px 2px 5px rgba(0, 0, 0, 0.5);\">Transforma tu negocio con la econom\u00eda circular: eficiencia, sostenibilidad y competitividad al alcance de tu empresa<\/h1>\n<\/div>\n<\/div>\n<\/div>\n\t\t<\/div><\/div><\/div><div id=\"pg-3368-1\"  class=\"panel-grid panel-has-style\" ><div class=\"panel-row-style panel-row-style-for-3368-1\" ><div id=\"pgc-3368-1-0\"  class=\"panel-grid-cell panel-grid-cell-empty\" ><\/div><div id=\"pgc-3368-1-1\"  class=\"panel-grid-cell panel-grid-cell-mobile-last\" ><div id=\"panel-3368-1-1-0\" class=\"so-panel widget widget_sow-editor panel-first-child\" data-index=\"1\" ><div\n\t\t\t\n\t\t\tclass=\"so-widget-sow-editor so-widget-sow-editor-base\"\n\t\t\t\n\t\t>\n<div class=\"siteorigin-widget-tinymce textwidget\">\n\t<div style=\"text-align: justify; margin-top: 30px; margin-left: 80px;\">\n<h4 style=\"color: #174885;\">Sostenibilidad en tu empresa<\/h4>\n<p><span style=\"color: #5a5d60;\">La econom\u00eda circular es m\u00e1s que una moda, es la manera c\u00f3mo tu empresa puede ser m\u00e1s rentable, resiliente y sostenible, es decir, es un m\u00e9todo que te permitir\u00e1 ganar m\u00e1s dinero y adem\u00e1s cuidar el ambiente. El paquete entero. <span aria-label=\"P\u00e1rrafo de control de contenido de texto enriquecido\">\u200bEn el futuro cercano, los crecientes impactos del cambio clim\u00e1tico elevar\u00e1n la conciencia ambiental de los consumidores y, con ella, la demanda por productos sostenibles. <\/span><\/span><\/p>\n<p><span style=\"color: #5a5d60;\" aria-label=\"P\u00e1rrafo de control de contenido de texto enriquecido\">\u200bLa crisis clim\u00e1tica tambi\u00e9n complejizar\u00e1 las regulaciones. Pronto inversionistas, proveedores y grandes compradores deber\u00e1n asegurar una manufactura que <span class=\"TextRun SCXW53771567 BCX0\" lang=\"ES-PE\" xml:lang=\"ES-PE\" data-contrast=\"none\"><span class=\"NormalTextRun SCXW53771567 BCX0\">no contamine<\/span><\/span>, utilice energ\u00edas eficientes y proteja a sus trabajadores.<\/span><\/p>\n<p><span style=\"color: #5a5d60;\" aria-label=\"P\u00e1rrafo de control de contenido de texto enriquecido\">\u200bEstos primeros pasos ser\u00e1n los decisivos rumbo a la gran marcha exportadora cuyos mercados tienen regulaciones a\u00fan m\u00e1s exigentes y los competidores est\u00e1n m\u00e1s avanzados. <\/span><\/p>\n<h4 style=\"color: #174885;\">\u00bfQu<span style=\"color: #174885;\">\u00e9 es la<\/span> Econom\u00eda Circular (EC)?<\/h4>\n<p><span style=\"font-weight: 400; color: #5a5d60;\">La definici\u00f3n de EC normalizada seg\u00fan la ISO 59004:2024 \u201cEconom\u00eda circular: Vocabulario, principios y orientaci\u00f3n para la implementaci\u00f3n\u201d y adaptada en la Hoja de Ruta Nacional de Econom\u00eda Circular al 2030 es:\u00a0\u00a0<\/span><\/p>\n<p style=\"text-align: center;\"><span style=\"color: #5a5d60;\"><span style=\"color: #174885;\"><b style=\"background-color: #b5e7a0;\">Sistema econ\u00f3mico <\/b><\/span><span style=\"font-weight: 400; background-color: #b5e7a0;\">que utiliza un enfoque sist\u00e9mico para mantener un <\/span><span style=\"color: #174885;\"><b style=\"background-color: #b5e7a0;\">flujo circular de recursos<\/b><\/span><\/span><span style=\"font-weight: 400; background-color: #b5e7a0;\"><span style=\"color: #5a5d60;\">, recuperando, reteniendo o <u>aumentando su valor<\/u>, mientras contribuye a la mejora de los medios de vida y al desarrollo sostenible<\/span><br \/>\n<\/span><\/p>\n<\/div>\n<\/div>\n<\/div><\/div><div id=\"panel-3368-1-1-1\" class=\"so-panel widget widget_sow-image\" data-index=\"2\" ><div\n\t\t\t\n\t\t\tclass=\"so-widget-sow-image so-widget-sow-image-default-c67d20f9f743-3368\"\n\t\t\t\n\t\t>\n\n<div class=\"sow-image-container\">\n\t\t<img decoding=\"async\" src=\"https:\/\/desarrollo.infobox.com.pe\/miempresacircular\/wp-content\/uploads\/2023\/11\/Economia-Circular_Imagen-1-1-e1700985449789.png\" width=\"900\" height=\"641\" sizes=\"auto, (max-width: 900px) 100vw, 900px\" title=\"Econom\u00eda Circular_Imagen 1\" alt=\"\" loading=\"lazy\" \t\tclass=\"so-widget-image\"\/>\n\t<\/div>\n\n<\/div><\/div><div id=\"panel-3368-1-1-2\" class=\"so-panel widget widget_sow-image\" data-index=\"3\" ><div\n\t\t\t\n\t\t\tclass=\"so-widget-sow-image so-widget-sow-image-default-c67d20f9f743-3368\"\n\t\t\t\n\t\t>\n\n<div class=\"sow-image-container\">\n\t\t<img decoding=\"async\" src=\"https:\/\/desarrollo.infobox.com.pe\/miempresacircular\/wp-content\/uploads\/2023\/11\/Economia-Circular_Imagen-2-1024x329.png\" width=\"800\" height=\"257\" srcset=\"https:\/\/desarrollo.infobox.com.pe\/miempresacircular\/wp-content\/uploads\/2023\/11\/Economia-Circular_Imagen-2-1024x329.png 1024w, https:\/\/desarrollo.infobox.com.pe\/miempresacircular\/wp-content\/uploads\/2023\/11\/Economia-Circular_Imagen-2-300x96.png 300w, https:\/\/desarrollo.infobox.com.pe\/miempresacircular\/wp-content\/uploads\/2023\/11\/Economia-Circular_Imagen-2-768x247.png 768w, https:\/\/desarrollo.infobox.com.pe\/miempresacircular\/wp-content\/uploads\/2023\/11\/Economia-Circular_Imagen-2-1536x494.png 1536w, https:\/\/desarrollo.infobox.com.pe\/miempresacircular\/wp-content\/uploads\/2023\/11\/Economia-Circular_Imagen-2-2048x658.png 2048w, https:\/\/desarrollo.infobox.com.pe\/miempresacircular\/wp-content\/uploads\/2023\/11\/Economia-Circular_Imagen-2-750x241.png 750w, https:\/\/desarrollo.infobox.com.pe\/miempresacircular\/wp-content\/uploads\/2023\/11\/Economia-Circular_Imagen-2-e1700985711365.png 1600w\" sizes=\"auto, (max-width: 800px) 100vw, 800px\" title=\"Econom\u00eda Circular_Imagen 2\" alt=\"\" loading=\"lazy\" \t\tclass=\"so-widget-image\"\/>\n\t<\/div>\n\n<\/div><\/div><div id=\"panel-3368-1-1-3\" class=\"so-panel widget widget_sow-image\" data-index=\"4\" ><div\n\t\t\t\n\t\t\tclass=\"so-widget-sow-image so-widget-sow-image-default-c67d20f9f743-3368\"\n\t\t\t\n\t\t>\n\n<div class=\"sow-image-container\">\n\t\t<img decoding=\"async\" src=\"https:\/\/desarrollo.infobox.com.pe\/miempresacircular\/wp-content\/uploads\/2023\/11\/Economia-Circular_Imagen-3-1024x768.png\" width=\"800\" height=\"600\" srcset=\"https:\/\/desarrollo.infobox.com.pe\/miempresacircular\/wp-content\/uploads\/2023\/11\/Economia-Circular_Imagen-3-1024x768.png 1024w, https:\/\/desarrollo.infobox.com.pe\/miempresacircular\/wp-content\/uploads\/2023\/11\/Economia-Circular_Imagen-3-300x225.png 300w, https:\/\/desarrollo.infobox.com.pe\/miempresacircular\/wp-content\/uploads\/2023\/11\/Economia-Circular_Imagen-3-768x576.png 768w, https:\/\/desarrollo.infobox.com.pe\/miempresacircular\/wp-content\/uploads\/2023\/11\/Economia-Circular_Imagen-3-1536x1153.png 1536w, https:\/\/desarrollo.infobox.com.pe\/miempresacircular\/wp-content\/uploads\/2023\/11\/Economia-Circular_Imagen-3-2048x1537.png 2048w, https:\/\/desarrollo.infobox.com.pe\/miempresacircular\/wp-content\/uploads\/2023\/11\/Economia-Circular_Imagen-3-750x563.png 750w, https:\/\/desarrollo.infobox.com.pe\/miempresacircular\/wp-content\/uploads\/2023\/11\/Economia-Circular_Imagen-3-e1700985839507.png 1600w\" sizes=\"auto, (max-width: 800px) 100vw, 800px\" title=\"Econom\u00eda Circular_Imagen 3\" alt=\"\" loading=\"lazy\" \t\tclass=\"so-widget-image\"\/>\n\t<\/div>\n\n<\/div><\/div><div id=\"panel-3368-1-1-4\" class=\"so-panel widget widget_sow-image\" data-index=\"5\" ><div\n\t\t\t\n\t\t\tclass=\"so-widget-sow-image so-widget-sow-image-default-c67d20f9f743-3368\"\n\t\t\t\n\t\t>\n\n<div class=\"sow-image-container\">\n\t\t<img decoding=\"async\" src=\"https:\/\/desarrollo.infobox.com.pe\/miempresacircular\/wp-content\/uploads\/2023\/11\/Economia-Circular_Imagen-5-1024x439.png\" width=\"850\" height=\"364\" srcset=\"https:\/\/desarrollo.infobox.com.pe\/miempresacircular\/wp-content\/uploads\/2023\/11\/Economia-Circular_Imagen-5-1024x439.png 1024w, https:\/\/desarrollo.infobox.com.pe\/miempresacircular\/wp-content\/uploads\/2023\/11\/Economia-Circular_Imagen-5-300x129.png 300w, https:\/\/desarrollo.infobox.com.pe\/miempresacircular\/wp-content\/uploads\/2023\/11\/Economia-Circular_Imagen-5-768x329.png 768w, https:\/\/desarrollo.infobox.com.pe\/miempresacircular\/wp-content\/uploads\/2023\/11\/Economia-Circular_Imagen-5-1536x658.png 1536w, https:\/\/desarrollo.infobox.com.pe\/miempresacircular\/wp-content\/uploads\/2023\/11\/Economia-Circular_Imagen-5-2048x878.png 2048w, https:\/\/desarrollo.infobox.com.pe\/miempresacircular\/wp-content\/uploads\/2023\/11\/Economia-Circular_Imagen-5-750x321.png 750w\" sizes=\"auto, (max-width: 850px) 100vw, 850px\" title=\"Econom\u00eda Circular_Imagen 5\" alt=\"\" loading=\"lazy\" \t\tclass=\"so-widget-image\"\/>\n\t<\/div>\n\n<\/div><\/div><div id=\"panel-3368-1-1-5\" class=\"so-panel widget widget_sow-editor\" data-index=\"6\" ><div\n\t\t\t\n\t\t\tclass=\"so-widget-sow-editor so-widget-sow-editor-base\"\n\t\t\t\n\t\t>\n<div class=\"siteorigin-widget-tinymce textwidget\">\n\t<div style=\"text-align: justify; margin-top: 30px; margin-left: 80px;\">\n<h4 style=\"color: #174885;\">Beneficios de la econom\u00eda circular<\/h4>\n<ul>\n<li><span style=\"font-size: 12pt; color: #5a5d60;\">Las empresas europeas que adoptan los principios y medidas de la econom\u00eda circular pueden ahorrar hasta 50 % en materiales y 30 % en energ\u00eda, as\u00ed como aumentar 9 % en ingresos y 12 % en productividad.<\/span><\/li>\n<li><span style=\"font-size: 12pt; color: #5a5d60;\">En el 2014, una recopilaci\u00f3n de 50 casos de \u00e9xito de la L\u00ednea de Cr\u00e9dito Ambiental identific\u00f3 empresas que incrementaron su productividad entre 98 % y 1,775 % y que redujeron su costo de energ\u00eda entre 32% y 95%. Ello gracias a la transformaci\u00f3n de sus procesos, pr\u00e1cticas y tecnolog\u00edas para una mayor eficiencia productiva y un menor impacto ambiental.<\/span><\/li>\n<\/ul>\n<p><span style=\"font-size: 12pt; color: #5a5d60;\">Otras bondades de adoptar los modelos de negocio circulares:<\/span><br \/>\n<img loading=\"lazy\" decoding=\"async\" style=\"display: block; margin: 0 auto;\" src=\"https:\/\/miempresacircular.pe\/wp-content\/uploads\/2023\/11\/Economia-Circular_Imagen-6-e1700986334232.png\" alt=\"\" width=\"858\" height=\"420\" \/><\/p>\n<\/div>\n<p>&nbsp;<\/p>\n<\/div>\n<\/div><\/div><div id=\"panel-3368-1-1-6\" class=\"so-panel widget widget_sow-editor\" data-index=\"7\" ><div\n\t\t\t\n\t\t\tclass=\"so-widget-sow-editor so-widget-sow-editor-base\"\n\t\t\t\n\t\t>\n<div class=\"siteorigin-widget-tinymce textwidget\">\n\t<div style=\"text-align: justify; margin-top: 30px; margin-left: 80px;\">\n<h4 style=\"color: #174885;\">Transformemos la l\u00ednea<\/h4>\n<p><span style=\"color: #5a5d60;\" aria-label=\"P\u00e1rrafo de control de contenido de texto enriquecido\">Ya sea por regulaci\u00f3n o por necesidad de mercado, las empresas transitar\u00e1n hacia una econom\u00eda circular. Por ahora, incorporar pr\u00e1cticas de econom\u00eda circular y eficiencia energ\u00e9tica es una ventaja; pero se prev\u00e9 que ser\u00e1 una necesidad por exigencia de los mismos clientes: el 45 % de peruanas y peruanos ha dejado de comprar, ocasionalmente, productos por su impacto ambiental.\u202f\u00a0<\/span><\/p>\n<p><span style=\"color: #5a5d60;\">Las mipyme en Per\u00fa est\u00e1n comenzando a reconocer los beneficios de la econom\u00eda circular. Por este motivo, las empresas requieren apoyo para comunicar las pr\u00e1cticas sostenibles que realizan como una ventaja competitiva a sus clientes.<\/span><\/p>\n<p><span style=\"color: #5a5d60;\">Por otro lado, existe una demanda de conocimiento de<\/span><b style=\"color: #174885;\"> econom\u00eda circular en la pr\u00e1ctica. <\/b><span style=\"color: #5a5d60;\">Sin embargo, el conocimiento ofertado es principalmente conceptual o b\u00e1sico. Al 2022, alrededor de 9,000 mipyme de las regiones de Lima, Arequipa y La Libertad habr\u00edan requerido servicios de cualificaci\u00f3n y asesoramiento especializados en econom\u00eda circular.<\/span><\/p>\n<\/div>\n<\/div>\n<\/div><\/div><div id=\"panel-3368-1-1-7\" class=\"so-panel widget widget_sow-image\" data-index=\"8\" ><div\n\t\t\t\n\t\t\tclass=\"so-widget-sow-image so-widget-sow-image-default-c67d20f9f743-3368\"\n\t\t\t\n\t\t>\n\n<div class=\"sow-image-container\">\n\t\t<img decoding=\"async\" src=\"https:\/\/desarrollo.infobox.com.pe\/miempresacircular\/wp-content\/uploads\/2023\/09\/Cuadro4-EC-e1700986801917-1024x300.png\" width=\"900\" height=\"264\" srcset=\"https:\/\/desarrollo.infobox.com.pe\/miempresacircular\/wp-content\/uploads\/2023\/09\/Cuadro4-EC-e1700986801917-1024x300.png 1024w, https:\/\/desarrollo.infobox.com.pe\/miempresacircular\/wp-content\/uploads\/2023\/09\/Cuadro4-EC-e1700986801917-300x88.png 300w, https:\/\/desarrollo.infobox.com.pe\/miempresacircular\/wp-content\/uploads\/2023\/09\/Cuadro4-EC-e1700986801917-768x225.png 768w, https:\/\/desarrollo.infobox.com.pe\/miempresacircular\/wp-content\/uploads\/2023\/09\/Cuadro4-EC-e1700986801917-750x220.png 750w, https:\/\/desarrollo.infobox.com.pe\/miempresacircular\/wp-content\/uploads\/2023\/09\/Cuadro4-EC-e1700986801917.png 1177w\" sizes=\"auto, (max-width: 900px) 100vw, 900px\" title=\"Cuadro4-EC\" alt=\"\" loading=\"lazy\" \t\tclass=\"so-widget-image\"\/>\n\t<\/div>\n\n<\/div><\/div><div id=\"panel-3368-1-1-8\" class=\"so-panel widget widget_sow-editor panel-last-child\" data-index=\"9\" ><div\n\t\t\t\n\t\t\tclass=\"so-widget-sow-editor so-widget-sow-editor-base\"\n\t\t\t\n\t\t>\n<div class=\"siteorigin-widget-tinymce textwidget\">\n\t<div style=\"text-align: justify; margin-top: 30px; margin-left: 80px;\">\n<h4 style=\"color: #174885;\">\u200b\u00bfC\u00f3mo empezar?<\/h4>\n<p><span style=\"color: #5a5d60;\">El<\/span> <b style=\"color: #174885;\">secreto est\u00e1 dentro de tu negocio.<\/b> <span style=\"color: #5a5d60;\">Muchas veces, cuando queremos generar cambios, buscamos las soluciones hacia afuera. Y no valoramos las oportunidades de crecimiento que tenemos desde dentro y que ya est\u00e1n a nuestro alcance.<\/span><\/p>\n<p><span style=\"color: #5a5d60;\" data-contrast=\"auto\">Empieza con el dise\u00f1o de tus productos y operaciones, con tus maquinarias y materias primas, en la interacci\u00f3n con tus colaboradores y\u202fa trav\u00e9s de\u202fmuchos otros elementos internos.\u202fDesde adentro podr\u00e1n transformar tu negocio, pasar de una l\u00ednea hacia la circularidad.\u202f\u202f<\/span><\/p>\n<\/div>\n<\/div>\n<\/div><\/div><\/div><div id=\"pgc-3368-1-2\"  class=\"panel-grid-cell panel-grid-cell-empty\" ><\/div><\/div><\/div><\/div>","protected":false},"excerpt":{"rendered":"<p>INFORMACI\u00d3N SOBRE ESTA INICIATIVA Transforma tu negocio con la econom\u00eda circular: eficiencia, sostenibilidad y competitividad al alcance de tu empresa Sostenibilidad en tu empresa La econom\u00eda circular es m\u00e1s que una moda, es la manera c\u00f3mo tu empresa puede ser m\u00e1s rentable, resiliente y sostenible, es decir, es un m\u00e9todo que te permitir\u00e1 ganar m\u00e1s [&hellip;]<\/p>\n","protected":false},"author":1,"featured_media":0,"parent":0,"menu_order":0,"comment_status":"closed","ping_status":"closed","template":"","meta":{"footnotes":""},"tags":[],"class_list":["post-3368","page","type-page","status-publish","hentry"],"_links":{"self":[{"href":"https:\/\/desarrollo.infobox.com.pe\/miempresacircular\/wp-json\/wp\/v2\/pages\/3368","targetHints":{"allow":["GET"]}}],"collection":[{"href":"https:\/\/desarrollo.infobox.com.pe\/miempresacircular\/wp-json\/wp\/v2\/pages"}],"about":[{"href":"https:\/\/desarrollo.infobox.com.pe\/miempresacircular\/wp-json\/wp\/v2\/types\/page"}],"author":[{"embeddable":true,"href":"https:\/\/desarrollo.infobox.com.pe\/miempresacircular\/wp-json\/wp\/v2\/users\/1"}],"replies":[{"embeddable":true,"href":"https:\/\/desarrollo.infobox.com.pe\/miempresacircular\/wp-json\/wp\/v2\/comments?post=3368"}],"version-history":[{"count":171,"href":"https:\/\/desarrollo.infobox.com.pe\/miempresacircular\/wp-json\/wp\/v2\/pages\/3368\/revisions"}],"predecessor-version":[{"id":10481,"href":"https:\/\/desarrollo.infobox.com.pe\/miempresacircular\/wp-json\/wp\/v2\/pages\/3368\/revisions\/10481"}],"wp:attachment":[{"href":"https:\/\/desarrollo.infobox.com.pe\/miempresacircular\/wp-json\/wp\/v2\/media?parent=3368"}],"wp:term":[{"taxonomy":"post_tag","embeddable":true,"href":"https:\/\/desarrollo.infobox.com.pe\/miempresacircular\/wp-json\/wp\/v2\/tags?post=3368"}],"curies":[{"name":"wp","href":"https:\/\/api.w.org\/{rel}","templated":true}]}}