{"id":8731,"date":"2025-03-14T11:34:14","date_gmt":"2025-03-14T16:34:14","guid":{"rendered":"https:\/\/desarrollo.infobox.com.pe\/miempresacircular\/?page_id=8731"},"modified":"2025-06-13T11:00:44","modified_gmt":"2025-06-13T16:00:44","slug":"estrategias-de-circularidad","status":"publish","type":"page","link":"https:\/\/desarrollo.infobox.com.pe\/miempresacircular\/estrategias-de-circularidad\/","title":{"rendered":"Estrategias de circularidad"},"content":{"rendered":"<div id=\"pl-8731\"  class=\"panel-layout\" ><div id=\"pg-8731-0\"  class=\"panel-grid panel-no-style\" ><div id=\"pgc-8731-0-0\"  class=\"panel-grid-cell\" ><div id=\"panel-8731-0-0-0\" class=\"so-panel widget widget_text panel-first-child panel-last-child\" data-index=\"0\" >\t\t\t<div class=\"textwidget\"><div style=\"position: relative; width: 100%; height: 450px; background-image: url('\/miempresacircular\/wp-content\/uploads\/2025\/05\/3.png'); background-size: cover; background-position: center; background-repeat: no-repeat; display: flex; align-items: center; justify-content: center; text-align: center; margin: 0; padding: 0;\">\n<div style=\"background: rgba(30, 76, 127, 0.9); padding: 20px 40px; border-radius: 0px; height: 200px; width: 800px; max-width: 70%; text-align: center;\">\n<h1 style=\"color: white; font-size: 2rem; margin-top: 10px; text-shadow: 2px 2px 5px rgba(0, 0, 0, 0.5);\">ESTRATEGIAS DE CIRCULARIDAD<\/h1>\n<div style=\"display: flex; justify-content: center; align-items: center; gap: 10px; margin: 8px 0 20px 0;\">\n<div style=\"width: 80px; height: 2px; background-color: rgba(255, 255, 255, 0.5);\"><\/div>\n<div style=\"width: 80px; height: 2px; background-color: rgba(255, 255, 255);\"><\/div>\n<div style=\"width: 80px; height: 2px; background-color: rgba(255, 255, 255, 0.5);\"><\/div>\n<\/div>\n<h1 style=\"color: white; font-size: 1.5rem; margin-bottom: 50px; text-shadow: 2px 2px 5px rgba(0, 0, 0, 0.5);\">Implementa estrategias circulares para transformar tu negocio y potenciar tu sostenibilidad<\/h1>\n<\/div>\n<\/div>\n<\/div>\n\t\t<\/div><\/div><\/div><div id=\"pg-8731-1\"  class=\"panel-grid panel-no-style\" ><div id=\"pgc-8731-1-0\"  class=\"panel-grid-cell panel-grid-cell-empty\" ><\/div><div id=\"pgc-8731-1-1\"  class=\"panel-grid-cell panel-grid-cell-mobile-last\" ><div id=\"panel-8731-1-1-0\" class=\"so-panel widget widget_text panel-first-child\" data-index=\"1\" >\t\t\t<div class=\"textwidget\"><div style=\"text-align: justify; margin-top: 30px;\">\n<h4 style=\"color: #174885;\">Estrategias de circularidad para impulsar la sostenibilidad en tu empresa<\/h4>\n<p><b style=\"color: #174885;\">Para identificar las oportunidades de econom\u00eda circular que pueden generar valor e implementarse en las MIPYMES<\/b><span style=\"font-weight: 400; color: #5a5d60;\">, es fundamental conocer e identificar las estrategias que permitir\u00e1n optimizar la creaci\u00f3n de valor. Posteriormente, deber\u00e1s selesccionar aquellas que mejor se adapten a las caracter\u00edsticas de cada sector\/rubro de tu negocio.\u00a0<\/span><\/p>\n<p><span style=\"font-weight: 400; color: #5a5d60;\">Con este objetivo, se ha propuesto trece (13) tem\u00e1ticas agrupadas en cuatro (04) estrategias, alineadas con los \u202fprincipios de la econom\u00eda circular. Estas estrategias, abarcan desde las opciones de menor hasta las de mayor valor, se pueden resumir de la siguiente forma:<\/span><\/p>\n<\/div>\n<\/div>\n\t\t<\/div><div id=\"panel-8731-1-1-1\" class=\"so-panel widget widget_media_image\" data-index=\"2\" ><img loading=\"lazy\" decoding=\"async\" width=\"1080\" height=\"500\" src=\"https:\/\/desarrollo.infobox.com.pe\/miempresacircular\/wp-content\/uploads\/2025\/05\/Estrategias.png\" class=\"image wp-image-9230  attachment-full size-full\" alt=\"\" style=\"max-width: 100%; height: auto;\" srcset=\"https:\/\/desarrollo.infobox.com.pe\/miempresacircular\/wp-content\/uploads\/2025\/05\/Estrategias.png 1080w, https:\/\/desarrollo.infobox.com.pe\/miempresacircular\/wp-content\/uploads\/2025\/05\/Estrategias-300x139.png 300w, https:\/\/desarrollo.infobox.com.pe\/miempresacircular\/wp-content\/uploads\/2025\/05\/Estrategias-1024x474.png 1024w, https:\/\/desarrollo.infobox.com.pe\/miempresacircular\/wp-content\/uploads\/2025\/05\/Estrategias-768x356.png 768w\" sizes=\"auto, (max-width: 1080px) 100vw, 1080px\" \/><\/div><div id=\"panel-8731-1-1-2\" class=\"so-panel widget widget_text\" data-index=\"3\" >\t\t\t<div class=\"textwidget\"><h4><\/h4>\n<p>&nbsp;<\/p>\n<div style=\"text-align: justify;\">\n<h4 style=\"text-align: center; color: #174885;\"><strong>Descripci\u00f3n de las tem\u00e1ticas asociadas o relacionadas con las <\/strong><\/h4>\n<h4 style=\"text-align: center; color: #174885;\"><strong>estrategias de Econom\u00eda Circular (EC)<\/strong><\/h4>\n<p>&nbsp;<\/p>\n<table style=\"border-collapse: collapse; width: 100%; font-size: 14px;\" border=\"1\" cellspacing=\"0\" cellpadding=\"5\">\n<tbody>\n<tr style=\"background-color: #174885; color: white; font-weight: bold;\">\n<td colspan=\"2\">Estrategia \u00abRecuperar valor\u00bb &#8211; Comienza a cerrar el c\u00edrculo<\/td>\n<\/tr>\n<tr>\n<td style=\"width: 25%; font-weight: bold; color: #188bd4; padding: 10px; vertical-align: top; border-bottom: 1px solid #ccc;\">Segregar<\/td>\n<td style=\"color: #5a5d60;\">Separar\/segregar o almacenar en forma diferenciada las mermas, subproductos, residuos u otros de similar naturaleza para facilitar su transformaci\u00f3n y valorizaci\u00f3n en el marco de una adecuada gesti\u00f3n de los residuos. Por ejemplo: reciclables (papel, cart\u00f3n, org\u00e1nico, metal, vidrio, pl\u00e1stico), no reciclables (residuos sanitarios, otros), org\u00e1nicos e inorg\u00e1nicos y\/o peligrosos y no peligrosos.<\/td>\n<\/tr>\n<tr>\n<td style=\"width: 25%; font-weight: bold; color: #188bd4; padding: 10px; vertical-align: top; border-bottom: 1px solid #ccc;\">Recuperaci\u00f3n de materiales y reciclaje<\/td>\n<td style=\"color: #5a5d60;\">Procesos interrelacionados que permiten capturar, extraer, transformar o procesar materiales recuperables contenidos en mermas, subproductos, residuos u otros de similar naturaleza para restablecer su valor y permitir su reutilizaci\u00f3n en la fabricaci\u00f3n de nuevos productos.<\/td>\n<\/tr>\n<tr style=\"background-color: #174885; color: white; font-weight: bold;\">\n<td colspan=\"2\">Estrategia \u00abRetener valor\u00bb &#8211; Mant\u00e9n el c\u00edrculo<\/td>\n<\/tr>\n<tr>\n<td style=\"width: 25%; font-weight: bold; color: #188bd4; padding: 10px; vertical-align: top; border-bottom: 1px solid #ccc;\">Log\u00edstica inversa<\/td>\n<td style=\"color: #5a5d60;\">Gestionar, recolectar y trasladar productos o envases desde el consumidor final hacia el punto de origen, con el fin de recuperarlos, a trav\u00e9s de un manejo adecuado, para ser acondicionados y reutilizados en la producci\u00f3n o volver a ofrecerlos al mercado.<\/td>\n<\/tr>\n<tr>\n<td style=\"width: 25%; font-weight: bold; color: #188bd4; padding: 10px; vertical-align: top; border-bottom: 1px solid #ccc;\">Restaurar<\/td>\n<td style=\"color: #5a5d60;\">Reparar, reemplazar o actualizar productos\/envases para devolverlos a un estado funcional y ofrecerlos nuevamente a los clientes, permitiendo que siga cumpliendo su prop\u00f3sito original y con al menos caracter\u00edsticas de calidad y desempe\u00f1o similares.<\/td>\n<\/tr>\n<tr>\n<td style=\"width: 25%; font-weight: bold; color: #188bd4; padding: 10px; vertical-align: top; border-bottom: 1px solid #ccc;\">Remanufacturar<\/td>\n<td style=\"color: #5a5d60;\">Recuperar productos, componentes o piezas usados para devolverlos a un estado similar al de un art\u00edculo nuevo, asegurando que funcionen de la misma manera que un producto nuevo desde una perspectiva de calidad y desempe\u00f1o.<\/td>\n<\/tr>\n<tr>\n<td style=\"width: 25%; font-weight: bold; color: #188bd4; padding: 10px; vertical-align: top; border-bottom: 1px solid #ccc;\">Mantener y reparar<\/td>\n<td style=\"color: #5a5d60;\">Garantizar que los productos, equipos o partes\/componentes contin\u00faen funcionando correctamente a lo largo de su vida \u00fatil. Si presenta fallos o mal funcionamiento, puede requerir mantenimiento correctivo (para reparar el da\u00f1o cuando ocurre) o mantenimiento preventivo (para evitar que ocurran problemas futuros), as\u00ed el desempe\u00f1o puede ser prolongado o renovado con servicios de reparaci\u00f3n y mantenimiento que permiten que las funciones contin\u00faen en lugar de ser desechados.<\/td>\n<\/tr>\n<tr>\n<td style=\"width: 25%; font-weight: bold; color: #188bd4; padding: 10px; vertical-align: top; border-bottom: 1px solid #ccc;\">Compartir para intensificar el uso<\/td>\n<td style=\"color: #5a5d60;\">Adquirir, alquilar o entregar productos, equipos o partes\/componentes usados para que sean reutilizados por diferentes usuarios sin necesidad de que cada uno compre un art\u00edculo nuevo. Las herramientas, modelos y plataformas digitales creadas para compartir (plataformas de alquiler o sistemas de gesti\u00f3n compartida) pueden facilitar este proceso y proporcionar una experiencia positiva que ayude a optimizar el uso de recursos.<\/td>\n<\/tr>\n<tr>\n<td style=\"width: 25%; font-weight: bold; color: #188bd4; padding: 10px; vertical-align: top; border-bottom: 1px solid #ccc;\">Reutilizar con un nuevo prop\u00f3sito<\/td>\n<td style=\"color: #5a5d60;\">Adaptar un producto, envase, o sus partes\/componentes, para un uso diferente al que fue originalmente destinado, sin hacerle modificaciones mayores a su estructura f\u00edsica o qu\u00edmica. Esto permite que un producto, envases, o sus partes, que anteriormente se encontraban averiadas, fuera de uso, desgastadas o fuera de moda, puedan ser aprovechados nuevamente en la fabricaci\u00f3n de nuevos productos, d\u00e1ndoles una nueva vida con una funcionalidad distinta a la original.<\/td>\n<\/tr>\n<tr>\n<td style=\"width: 25%; font-weight: bold; color: #188bd4; padding: 10px; vertical-align: top; border-bottom: 1px solid #ccc;\">Reusar<\/td>\n<td style=\"color: #5a5d60;\">Utilizar un producto o sus partes\/componentes despu\u00e9s de su uso inicial, para el mismo prop\u00f3sito para el cual fueron originalmente dise\u00f1ados, sin necesidad de realizar modificaciones importantes.<\/td>\n<\/tr>\n<tr style=\"background-color: #174885; color: white; font-weight: bold;\">\n<td colspan=\"2\">Estrategia \u00abCrear valor agregado\u00bb &#8211; Piensa circular<\/td>\n<\/tr>\n<tr>\n<td style=\"width: 25%; font-weight: bold; color: #188bd4; padding: 10px; vertical-align: top; border-bottom: 1px solid #ccc;\">Optimizaci\u00f3n de procesos<\/td>\n<td style=\"color: #5a5d60;\">Mejorar la eficiencia en el uso de recursos (como materias primas, energ\u00eda, aguas e insumos) y el cambio de procesos para reducir o eliminar desperdicios, p\u00e9rdidas, emisiones y vertidos perjudiciales.<\/td>\n<\/tr>\n<tr>\n<td style=\"width: 25%; font-weight: bold; color: #188bd4; padding: 10px; vertical-align: top; border-bottom: 1px solid #ccc;\">Adquisici\u00f3n y abastecimiento circular<\/td>\n<td style=\"color: #5a5d60;\">Procesos que permiten integrar la circularidad en la gesti\u00f3n empresarial a lo largo de todas las fases del ciclo de vida de los productos. Desde la adquisici\u00f3n de recursos, la empresa debe evaluar el impacto de cada compra. Esto incluye no s\u00f3lo la gesti\u00f3n de proveedores, sino tambi\u00e9n el desarrollo de estrategias de abastecimiento, as\u00ed como, la investigaci\u00f3n y dise\u00f1o de productos con enfoque circular, asegurando que todas las operaciones de la empresas est\u00e9n alineadas con los objetivos de la sostenibilidad.<\/td>\n<\/tr>\n<tr>\n<td style=\"width: 25%; font-weight: bold; color: #188bd4; padding: 10px; vertical-align: top; border-bottom: 1px solid #ccc;\">Dise\u00f1o para la circularidad<\/td>\n<td style=\"color: #5a5d60;\">Crear (repensar) productos y servicios que se optimicen para ser f\u00e1cilmente reparados, mantenidos, restaurados, remanufacturados, reusados, minimizando el uso de recursos y maximizando su vida \u00fatil. Implica considerar todo el ciclo de vida del producto desde su concepci\u00f3n, haciendo ajustes como la reducci\u00f3n del uso de materiales, la selecci\u00f3n de materiales sostenibles, la sustituci\u00f3n de insumos perjudiciales, entre otros.<\/td>\n<\/tr>\n<tr style=\"background-color: #174885; color: white; font-weight: bold;\">\n<td colspan=\"2\">Estrategia \u00abRegenerar ecosistemas\u00bb &#8211; Ve m\u00e1s all\u00e1 del c\u00edrculo<\/td>\n<\/tr>\n<tr>\n<td style=\"width: 25%; font-weight: bold; color: #188bd4; padding: 10px; vertical-align: top; border-bottom: 1px solid #ccc;\">Regeneraci\u00f3n de ecosistemas degradados<\/td>\n<td style=\"color: #5a5d60;\">Mejorar o renovar un ecosistemas que ha sufrido da\u00f1os, con el objetivo de restaurar su resiliencia y funcionalidad. Este proceso abarca acciones como la eliminaci\u00f3n de sustancias nocivas, la descontaminaci\u00f3n de suelos y cuerpos de agua, y la protecci\u00f3n de la biodiversidad. Tambi\u00e9n incluye la mitigaci\u00f3n y adaptaci\u00f3n frente a los impactos del cambio clim\u00e1tico. Estas acciones contribuyen a garantizar la provisi\u00f3n a largo plazo de los servicios ecosist\u00e9micos esenciales, como la captura de carbono, el control de inundaciones, la purificaci\u00f3n del agua y el ciclo de nutrientes, fundamentales para mantener el equilibrio ecol\u00f3gico.<\/td>\n<\/tr>\n<\/tbody>\n<\/table>\n<p>&nbsp;<\/p>\n<p><span style=\"color: #5a5d60;\">Las trece (13) tem\u00e1ticas, al implementarse de forma combinada, pueden multiplicar el valor de los productos que se generan o posee. Adem\u00e1s, es una ventana oportunidad para desarrollar nuevos productos, servicios e ingresos \u2014al promover el uso y fabricaci\u00f3n de productos m\u00e1s inteligentes, prolongar la vida \u00fatil de los productos y sus componentes, y disminuir los recursos naturales utilizado en la cadena de producci\u00f3n y por lo tanto disminuir la presi\u00f3n ambiental.<\/span><\/p>\n<\/div>\n<\/div>\n\t\t<\/div><div id=\"panel-8731-1-1-3\" class=\"so-panel widget widget_text panel-last-child\" data-index=\"4\" >\t\t\t<div class=\"textwidget\"><\/div>\n\t\t<\/div><\/div><div id=\"pgc-8731-1-2\"  class=\"panel-grid-cell panel-grid-cell-empty\" ><\/div><\/div><\/div>","protected":false},"excerpt":{"rendered":"<p>ESTRATEGIAS DE CIRCULARIDAD Implementa estrategias circulares para transformar tu negocio y potenciar tu sostenibilidad Estrategias de circularidad para impulsar la sostenibilidad en tu empresa Para identificar las oportunidades de econom\u00eda circular que pueden generar valor e implementarse en las MIPYMES, es fundamental conocer e identificar las estrategias que permitir\u00e1n optimizar la creaci\u00f3n de valor. Posteriormente, [&hellip;]<\/p>\n","protected":false},"author":1,"featured_media":0,"parent":0,"menu_order":0,"comment_status":"closed","ping_status":"closed","template":"","meta":{"footnotes":""},"tags":[],"class_list":["post-8731","page","type-page","status-publish","hentry"],"_links":{"self":[{"href":"https:\/\/desarrollo.infobox.com.pe\/miempresacircular\/wp-json\/wp\/v2\/pages\/8731","targetHints":{"allow":["GET"]}}],"collection":[{"href":"https:\/\/desarrollo.infobox.com.pe\/miempresacircular\/wp-json\/wp\/v2\/pages"}],"about":[{"href":"https:\/\/desarrollo.infobox.com.pe\/miempresacircular\/wp-json\/wp\/v2\/types\/page"}],"author":[{"embeddable":true,"href":"https:\/\/desarrollo.infobox.com.pe\/miempresacircular\/wp-json\/wp\/v2\/users\/1"}],"replies":[{"embeddable":true,"href":"https:\/\/desarrollo.infobox.com.pe\/miempresacircular\/wp-json\/wp\/v2\/comments?post=8731"}],"version-history":[{"count":49,"href":"https:\/\/desarrollo.infobox.com.pe\/miempresacircular\/wp-json\/wp\/v2\/pages\/8731\/revisions"}],"predecessor-version":[{"id":9764,"href":"https:\/\/desarrollo.infobox.com.pe\/miempresacircular\/wp-json\/wp\/v2\/pages\/8731\/revisions\/9764"}],"wp:attachment":[{"href":"https:\/\/desarrollo.infobox.com.pe\/miempresacircular\/wp-json\/wp\/v2\/media?parent=8731"}],"wp:term":[{"taxonomy":"post_tag","embeddable":true,"href":"https:\/\/desarrollo.infobox.com.pe\/miempresacircular\/wp-json\/wp\/v2\/tags?post=8731"}],"curies":[{"name":"wp","href":"https:\/\/api.w.org\/{rel}","templated":true}]}}