{"id":8752,"date":"2025-03-16T16:21:52","date_gmt":"2025-03-16T21:21:52","guid":{"rendered":"https:\/\/desarrollo.infobox.com.pe\/miempresacircular\/?page_id=8752"},"modified":"2025-07-18T17:53:23","modified_gmt":"2025-07-18T22:53:23","slug":"calculadora-circular","status":"publish","type":"page","link":"https:\/\/desarrollo.infobox.com.pe\/miempresacircular\/calculadora-circular\/","title":{"rendered":"Calculadora Circular"},"content":{"rendered":"<div id=\"pl-8752\"  class=\"panel-layout\" ><div id=\"pg-8752-0\"  class=\"panel-grid panel-no-style\" ><div id=\"pgc-8752-0-0\"  class=\"panel-grid-cell\" ><div id=\"panel-8752-0-0-0\" class=\"so-panel widget widget_text panel-first-child panel-last-child\" data-index=\"0\" >\t\t\t<div class=\"textwidget\"><div style=\"position: relative; width: 100%; height: 450px; background-image: url('\/miempresacircular\/wp-content\/uploads\/2025\/05\/2.png'); background-size: cover; background-position: center; background-repeat: no-repeat; display: flex; align-items: center; justify-content: center; text-align: center; margin: 0; padding: 0;\">\n<div style=\"background: rgba(30, 76, 127, 0.9); padding: 20px 40px; border-radius: 0px; height: 200px; width: 800px; max-width: 70%; text-align: center;\">\n<h1 style=\"color: white; font-size: 2rem; margin-top: 20px; text-shadow: 2px 2px 5px rgba(0, 0, 0, 0.5);\">CALCULADORA DE CIRCULARIDAD<\/h1>\n<div style=\"display: flex; justify-content: center; align-items: center; gap: 10px; margin: 0px 0 20px 0;\">\n<div style=\"width: 80px; height: 2px; background-color: rgba(255, 255, 255, 0.5);\"><\/div>\n<div style=\"width: 80px; height: 2px; background-color: rgba(255, 255, 255);\"><\/div>\n<div style=\"width: 80px; height: 2px; background-color: rgba(255, 255, 255, 0.5);\"><\/div>\n<\/div>\n<h1 style=\"color: white; font-size: 1.5rem; margin-bottom: 50px; text-shadow: 2px 2px 5px rgba(0, 0, 0, 0.5);\">Mide tu nivel de circularidad y mejora tus procesos para diferenciarte y ser m\u00e1s rentable<\/h1>\n<\/div>\n<\/div>\n<\/div>\n\t\t<\/div><\/div><\/div><div id=\"pg-8752-1\"  class=\"panel-grid panel-no-style\" ><div id=\"pgc-8752-1-0\"  class=\"panel-grid-cell panel-grid-cell-empty\" ><\/div><div id=\"pgc-8752-1-1\"  class=\"panel-grid-cell panel-grid-cell-mobile-last\" ><div id=\"panel-8752-1-1-0\" class=\"so-panel widget widget_text panel-first-child panel-last-child\" data-index=\"1\" >\t\t\t<div class=\"textwidget\"><div style=\"text-align: justify; margin-top: 30px; color: #5a5d60;\">\n<h4 style=\"color: #174885;\">Calculadora de Circularidad<\/h4>\n<p><b style=\"color: #174885;\">\u00bfQu\u00e9 es?<\/b><br \/>\nEs una herramienta interactiva de autodiagn\u00f3stico, dise\u00f1ada para ayudar a las empresas a evaluar su nivel de circularidad<\/p>\n<p>A trav\u00e9s de una serie de preguntas y m\u00e9tricas clave, esta herramienta ofrece un diagn\u00f3stico claro sobre los procesos o \u00e1reas de oportunidad y fortalezas de una empresa en su camino hacia una econom\u00eda m\u00e1s sostenible, permiti\u00e9ndole mejorar su rendimiento y posicionarse de manera m\u00e1s competitiva.<\/p>\n<p><b style=\"color: #174885;\"><strong>\u00bfPor qui\u00e9n puede ser aplicada la herramienta?<\/strong><\/b><\/p>\n<p><span style=\"font-weight: 400;\">Empresas manufactureras que quieren identificar oportunidades de mejora en sus procesos y productos para reducir las mermas, desperdicios u otros similares, y aumentar la eficiencia, buscando mejorar sus estrategias de sostenibilidad, su competitividad y reducir su impacto ambiental.<\/span><\/p>\n<p><b style=\"color: #174885;\"><strong>Estrategias de circularidad para impulsar la sostenibilidad en tu empresa<\/strong><\/b><\/p>\n<p><span style=\"font-weight: 400;\">Con el objetivo de reducir el impacto ambiental, fomentar la sostenibilidad y aumentar la productividad y eficiencia en los procesos productivos de tu empresa, se proponen 16 tem\u00e1ticas agrupadas en 4 estrategias de circularidad, las cuales se fundamentan en los principios de la econom\u00eda circular establecidos por la Fundaci\u00f3n Ellen MacArthur.<\/span><\/p>\n<\/div>\n<\/div>\n\t\t<\/div><\/div><div id=\"pgc-8752-1-2\"  class=\"panel-grid-cell panel-grid-cell-empty\" ><\/div><\/div><div id=\"pg-8752-2\"  class=\"panel-grid panel-no-style\" ><div id=\"pgc-8752-2-0\"  class=\"panel-grid-cell panel-grid-cell-empty\" ><\/div><div id=\"pgc-8752-2-1\"  class=\"panel-grid-cell panel-grid-cell-mobile-last\" ><div id=\"panel-8752-2-1-0\" class=\"widget_text so-panel widget widget_custom_html panel-first-child panel-last-child\" data-index=\"2\" ><div class=\"textwidget custom-html-widget\"><div style=\"\n  display: flex;\n  justify-content: center;\n  gap: 16px;\n  flex-wrap: wrap;\n\">\n\t\t\t\t\t\t\t\t<!-- NOTA: EL ENLACE SE INSERTA ENTRE '' COMO SE VE ABAJO -->\n  <button onclick=\"window.location.href='https:\/\/giz.infobox.com.pe\/calculadora-circularidad'\" style=\"\n    background-color: #164985;\n    color: white;\n    padding: 16px 24px;\n    border-radius: 40px;\n    border: none;\n    font-weight: bold;\n    font-size: clamp(12px, 1vw, 18px);\n    text-align: center;\n    text-decoration: none;\n    cursor: pointer;\n    display: inline-block;\n    line-height: 1.2;\n    box-sizing: border-box;\n    min-width: 200px;\n  \">\n    Ir a la calculadora\n  <\/button>\n\n  <button onclick=\"window.location.href=''\" style=\"\n    background-color: #164985;\n    color: white;\n    padding: 16px 24px;\n    border-radius: 40px;\n    border: none;\n    font-weight: bold;\n    font-size: clamp(12px, 1vw, 18px);\n    text-align: center;\n    text-decoration: none;\n    cursor: pointer;\n    display: inline-block;\n    line-height: 1.2;\n    box-sizing: border-box;\n    min-width: 200px;\n  \">\n    Ver tutorial<br>\n    de uso\n  <\/button>\n\n<\/div>\n\n<\/div><\/div><\/div><div id=\"pgc-8752-2-2\"  class=\"panel-grid-cell panel-grid-cell-empty\" ><\/div><\/div><\/div>","protected":false},"excerpt":{"rendered":"<p>CALCULADORA DE CIRCULARIDAD Mide tu nivel de circularidad y mejora tus procesos para diferenciarte y ser m\u00e1s rentable Calculadora de Circularidad \u00bfQu\u00e9 es? Es una herramienta interactiva de autodiagn\u00f3stico, dise\u00f1ada para ayudar a las empresas a evaluar su nivel de circularidad A trav\u00e9s de una serie de preguntas y m\u00e9tricas clave, esta herramienta ofrece un [&hellip;]<\/p>\n","protected":false},"author":1,"featured_media":0,"parent":0,"menu_order":0,"comment_status":"closed","ping_status":"closed","template":"","meta":{"footnotes":""},"tags":[],"class_list":["post-8752","page","type-page","status-publish","hentry"],"_links":{"self":[{"href":"https:\/\/desarrollo.infobox.com.pe\/miempresacircular\/wp-json\/wp\/v2\/pages\/8752","targetHints":{"allow":["GET"]}}],"collection":[{"href":"https:\/\/desarrollo.infobox.com.pe\/miempresacircular\/wp-json\/wp\/v2\/pages"}],"about":[{"href":"https:\/\/desarrollo.infobox.com.pe\/miempresacircular\/wp-json\/wp\/v2\/types\/page"}],"author":[{"embeddable":true,"href":"https:\/\/desarrollo.infobox.com.pe\/miempresacircular\/wp-json\/wp\/v2\/users\/1"}],"replies":[{"embeddable":true,"href":"https:\/\/desarrollo.infobox.com.pe\/miempresacircular\/wp-json\/wp\/v2\/comments?post=8752"}],"version-history":[{"count":29,"href":"https:\/\/desarrollo.infobox.com.pe\/miempresacircular\/wp-json\/wp\/v2\/pages\/8752\/revisions"}],"predecessor-version":[{"id":10522,"href":"https:\/\/desarrollo.infobox.com.pe\/miempresacircular\/wp-json\/wp\/v2\/pages\/8752\/revisions\/10522"}],"wp:attachment":[{"href":"https:\/\/desarrollo.infobox.com.pe\/miempresacircular\/wp-json\/wp\/v2\/media?parent=8752"}],"wp:term":[{"taxonomy":"post_tag","embeddable":true,"href":"https:\/\/desarrollo.infobox.com.pe\/miempresacircular\/wp-json\/wp\/v2\/tags?post=8752"}],"curies":[{"name":"wp","href":"https:\/\/api.w.org\/{rel}","templated":true}]}}