{"id":8756,"date":"2025-03-16T17:17:19","date_gmt":"2025-03-16T22:17:19","guid":{"rendered":"https:\/\/desarrollo.infobox.com.pe\/miempresacircular\/?page_id=8756"},"modified":"2025-06-13T12:06:26","modified_gmt":"2025-06-13T17:06:26","slug":"calculadora-de-co2","status":"publish","type":"page","link":"https:\/\/desarrollo.infobox.com.pe\/miempresacircular\/calculadora-de-co2\/","title":{"rendered":"Calculadora de Co2"},"content":{"rendered":"<div id=\"pl-8756\"  class=\"panel-layout\" ><div id=\"pg-8756-0\"  class=\"panel-grid panel-no-style\" ><div id=\"pgc-8756-0-0\"  class=\"panel-grid-cell\" ><div id=\"panel-8756-0-0-0\" class=\"so-panel widget widget_text panel-first-child panel-last-child\" data-index=\"0\" >\t\t\t<div class=\"textwidget\"><div style=\"position: relative; width: 100%; height: 450px; background-image: url('\/miempresacircular\/wp-content\/uploads\/2025\/05\/2.png'); background-size: cover; background-position: center; background-repeat: no-repeat; display: flex; align-items: center; justify-content: center; text-align: center; margin: 0; padding: 0;\">\n<div style=\"background: rgba(30, 76, 127, 0.9); padding: 20px 40px; border-radius: 0px; height: 200px; width: 800px; max-width: 70%; text-align: center;\">\n<h1 style=\"color: white; font-size: 2rem; margin-top: 30px; text-shadow: 2px 2px 5px rgba(0, 0, 0, 0.5);\">CALCULADORA DE CO2<\/h1>\n<div style=\"display: flex; justify-content: center; align-items: center; gap: 10px; margin: 0px 0 20px 0;\">\n<div style=\"width: 80px; height: 2px; background-color: rgba(255, 255, 255, 0.5);\"><\/div>\n<div style=\"width: 80px; height: 2px; background-color: rgba(255, 255, 255);\"><\/div>\n<div style=\"width: 80px; height: 2px; background-color: rgba(255, 255, 255, 0.5);\"><\/div>\n<\/div>\n<h1 style=\"color: white; font-size: 1.5rem; margin-bottom: 50px; text-shadow: 2px 2px 5px rgba(0, 0, 0, 0.5);\">Mide y reduce las emisiones de GEI en tu empresa<\/h1>\n<\/div>\n<\/div>\n<\/div>\n\t\t<\/div><\/div><\/div><div id=\"pg-8756-1\"  class=\"panel-grid panel-no-style\" ><div id=\"pgc-8756-1-0\"  class=\"panel-grid-cell panel-grid-cell-empty\" ><\/div><div id=\"pgc-8756-1-1\"  class=\"panel-grid-cell panel-grid-cell-mobile-last\" ><div id=\"panel-8756-1-1-0\" class=\"so-panel widget widget_text panel-first-child panel-last-child\" data-index=\"1\" >\t\t\t<div class=\"textwidget\"><div style=\"text-align: justify; margin-top: 30px; color: #5a5d60;\">\n<h4 style=\"color: #174885;\">Calculadora de CO2<\/h4>\n<p><b style=\"color: #174885;\">\u00bfQu\u00e9 es?<\/b><\/p>\n<p>Es una herramienta de autodiagn\u00f3stico que permite estimar de manera sencilla las emisiones de gases de efecto invernadero asociadas a las actividades de tu empresa, contemplando las emisiones procedentes del consumo de electricidad, el combustible utilizado, o la gesti\u00f3n de residuos, la calculadora ofrece una estimaci\u00f3n de CO2 generadas en un periodo espec\u00edfico.<\/p>\n<p>Con esta informaci\u00f3n, las empresas pueden identificar \u00e1reas clave en las que pueden reducir su impacto ambiental, tomas decisiones m\u00e1s sostenibles<\/p>\n<p>Las preguntas se dividen en tres secciones:<\/p>\n<\/div>\n<\/div>\n\t\t<\/div><\/div><div id=\"pgc-8756-1-2\"  class=\"panel-grid-cell panel-grid-cell-empty\" ><\/div><\/div><div id=\"pg-8756-2\"  class=\"panel-grid panel-no-style\" ><div id=\"pgc-8756-2-0\"  class=\"panel-grid-cell panel-grid-cell-empty\" ><\/div><div id=\"pgc-8756-2-1\"  class=\"panel-grid-cell\" ><div id=\"panel-8756-2-1-0\" class=\"widget_text so-panel widget widget_custom_html panel-first-child panel-last-child\" data-index=\"2\" ><div class=\"textwidget custom-html-widget\"><button onclick=\"window.location.href='https:\/\/giz.infobox.com.pe\/calculadora-co2'\" style=\"\n  background-color: #164985;\n  color: white;\n  padding: 16px 24px;\n  border-radius: 40px;\n  border: none;\n  font-weight: bold;\n  font-size: clamp(12px, 1vw, 20px);\n  text-align: center;\n  text-decoration: none;\n  cursor: pointer;\n  display: inline-block;\n  line-height: 1.2;\n  box-sizing: border-box;\n\">\nIr a la calculadora<br>\n<\/button>\n<\/div><\/div><\/div><div id=\"pgc-8756-2-2\"  class=\"panel-grid-cell panel-grid-cell-mobile-last\" ><div id=\"panel-8756-2-2-0\" class=\"widget_text so-panel widget widget_custom_html panel-first-child panel-last-child\" data-index=\"3\" ><div class=\"textwidget custom-html-widget\"><button onclick=\"window.location.href='https:\/\/giz.infobox.com.pe\/calculadora-co2'\" style=\"\n  background-color: #164985;\n  color: white;\n  padding: 16px 24px;\n  border-radius: 40px;\n  border: none;\n  font-weight: bold;\n  font-size: clamp(12px, 1vw, 20px);\n  text-align: center;\n  text-decoration: none;\n  cursor: pointer;\n  display: inline-block;\n  line-height: 1.2;\n  box-sizing: border-box;\n\">\nVer tutorial\nde uso\n<\/button><\/div><\/div><\/div><div id=\"pgc-8756-2-3\"  class=\"panel-grid-cell panel-grid-cell-empty\" ><\/div><\/div><\/div>","protected":false},"excerpt":{"rendered":"<p>CALCULADORA DE CO2 Mide y reduce las emisiones de GEI en tu empresa Calculadora de CO2 \u00bfQu\u00e9 es? Es una herramienta de autodiagn\u00f3stico que permite estimar de manera sencilla las emisiones de gases de efecto invernadero asociadas a las actividades de tu empresa, contemplando las emisiones procedentes del consumo de electricidad, el combustible utilizado, o [&hellip;]<\/p>\n","protected":false},"author":1,"featured_media":0,"parent":0,"menu_order":0,"comment_status":"closed","ping_status":"closed","template":"","meta":{"footnotes":""},"tags":[],"class_list":["post-8756","page","type-page","status-publish","hentry"],"_links":{"self":[{"href":"https:\/\/desarrollo.infobox.com.pe\/miempresacircular\/wp-json\/wp\/v2\/pages\/8756","targetHints":{"allow":["GET"]}}],"collection":[{"href":"https:\/\/desarrollo.infobox.com.pe\/miempresacircular\/wp-json\/wp\/v2\/pages"}],"about":[{"href":"https:\/\/desarrollo.infobox.com.pe\/miempresacircular\/wp-json\/wp\/v2\/types\/page"}],"author":[{"embeddable":true,"href":"https:\/\/desarrollo.infobox.com.pe\/miempresacircular\/wp-json\/wp\/v2\/users\/1"}],"replies":[{"embeddable":true,"href":"https:\/\/desarrollo.infobox.com.pe\/miempresacircular\/wp-json\/wp\/v2\/comments?post=8756"}],"version-history":[{"count":17,"href":"https:\/\/desarrollo.infobox.com.pe\/miempresacircular\/wp-json\/wp\/v2\/pages\/8756\/revisions"}],"predecessor-version":[{"id":10484,"href":"https:\/\/desarrollo.infobox.com.pe\/miempresacircular\/wp-json\/wp\/v2\/pages\/8756\/revisions\/10484"}],"wp:attachment":[{"href":"https:\/\/desarrollo.infobox.com.pe\/miempresacircular\/wp-json\/wp\/v2\/media?parent=8756"}],"wp:term":[{"taxonomy":"post_tag","embeddable":true,"href":"https:\/\/desarrollo.infobox.com.pe\/miempresacircular\/wp-json\/wp\/v2\/tags?post=8756"}],"curies":[{"name":"wp","href":"https:\/\/api.w.org\/{rel}","templated":true}]}}