{"id":8969,"date":"2025-03-28T16:03:36","date_gmt":"2025-03-28T21:03:36","guid":{"rendered":"https:\/\/desarrollo.infobox.com.pe\/miempresacircular\/?page_id=8969"},"modified":"2025-06-13T11:59:45","modified_gmt":"2025-06-13T16:59:45","slug":"servicios-tecnologicos-de-economia-circular-2","status":"publish","type":"page","link":"https:\/\/desarrollo.infobox.com.pe\/miempresacircular\/servicios-tecnologicos-de-economia-circular-2\/","title":{"rendered":"Servicios tecnol\u00f3gicos de econom\u00eda circular"},"content":{"rendered":"<div id=\"pl-8969\"  class=\"panel-layout\" ><div id=\"pg-8969-0\"  class=\"panel-grid panel-no-style\" ><div id=\"pgc-8969-0-0\"  class=\"panel-grid-cell\" ><div id=\"panel-8969-0-0-0\" class=\"so-panel widget widget_text panel-first-child panel-last-child\" data-index=\"0\" >\t\t\t<div class=\"textwidget\"><div style=\"position: relative; margin-bottom: 20px; ,width: 100%; height: 450px; background-image: url('\/miempresacircular\/wp-content\/uploads\/2025\/05\/DSC02461-recortada.png'); background-size: cover; background-position: center; background-repeat: no-repeat; display: flex; align-items: center; justify-content: center; text-align: center; margin: 0; padding: 0;\">\n<div style=\"background: rgba(30, 76, 127, 0.9); padding: 20px 40px; border-radius: 0px; height: 200px; width: 800px; max-width: 70%; text-align: center;\">\n<h1 style=\"color: white; font-size: 2rem; margin-top: 0px; text-shadow: 2px 2px 5px rgba(0, 0, 0, 0.5);\">SERVICIOS TECNOL\u00d3GICOS DE ECONOM\u00cdA CIRCULAR<\/h1>\n<div style=\"display: flex; justify-content: center; align-items: center; gap: 10px; margin: 0px 0 20px 0;\">\n<div style=\"width: 80px; height: 2px; background-color: rgba(255, 255, 255, 0.5);\"><\/div>\n<div style=\"width: 80px; height: 2px; background-color: rgba(255, 255, 255);\"><\/div>\n<div style=\"width: 80px; height: 2px; background-color: rgba(255, 255, 255, 0.5);\"><\/div>\n<\/div>\n<h1 style=\"color: white; font-size: 1.5rem; margin-bottom: 50px; text-shadow: 2px 2px 5px rgba(0, 0, 0, 0.5);\">\u00a1Potencia tu negocio incorporando la econom\u00eda circular con ayuda de los CITE!<\/h1>\n<\/div>\n<\/div>\n<\/div>\n\t\t<\/div><\/div><\/div><div id=\"pg-8969-1\"  class=\"panel-grid panel-no-style\" ><div id=\"pgc-8969-1-0\"  class=\"panel-grid-cell panel-grid-cell-empty\" ><\/div><div id=\"pgc-8969-1-1\"  class=\"panel-grid-cell panel-grid-cell-mobile-last\" ><div id=\"panel-8969-1-1-0\" class=\"so-panel widget widget_text panel-first-child\" data-index=\"1\" >\t\t\t<div class=\"textwidget\"><div style=\"margin-top: 30px; text-align: justify; color: #5a5d60;\">\n<h4 style=\"color: #1e4f7e;\">Servicios de econom\u00eda circular<\/h4>\n<p style=\"font-weight: 400;\">Aqu\u00ed encontrar\u00e1s los servicios de econom\u00eda circular que brindan los Centros de Innovaci\u00f3n Productiva y Transferencia Tecnol\u00f3gica (CITE) del Instituto Tecnol\u00f3gico de la Producci\u00f3n (ITP)<\/p>\n<p><span class=\"selectable-text copyable-text false\">De tener alguna consulta, favor escribir al correo: economia.circular@itp.gob.pe<\/span><\/p>\n<\/div>\n<\/div>\n\t\t<\/div><div id=\"panel-8969-1-1-1\" class=\"widget_text so-panel widget widget_custom_html panel-last-child\" data-index=\"2\" ><div class=\"textwidget custom-html-widget\"><div class=\"content-cases\">\n  <h2 class=\"section-title\" style=\"color: #1e4f7e\">Tem\u00e1ticas<\/h2>\n<div style=\"margin: 10px 0 10px 40px; background-color: #e6f0fa; border-radius: 10px; padding: 10px;\">\n  <h3 style=\"color: #1e4f7e; font-size: 18px;\">\n    <a href=\"\/miempresacircular\/category\/servicios-tecnologicos\/page\/2\/\" style=\"color: #1e4f7e; text-decoration: none;\">\n      Todos los servicios tecnol\u00f3gicos de Econom\u00eda Circular\n    <\/a>\n  <\/h3>\n<\/div>\n\n  <div class=\"filters\">\n    <select id=\"cadenaFilter\">\n      <option value=\"\">Todas las cadenas<\/option>\n      <option value=\"Agroindustria\">Agroindustria<\/option>\n      <option value=\"Textil\">Textil<\/option>\n      <option value=\"Cuero y Calzado\">Cuero y Calzado<\/option>\n      <option value=\"Pesca y Acuicultura\">Pesca y Acuicultura<\/option>\n    <\/select>\n    <input type=\"text\" id=\"searchInput\" placeholder=\"Buscar tem\u00e1tica\">\n  <\/div>\n\n  <div class=\"row\" id=\"casesContainer\" style=\"text-align: justify;\">\n    <!-- Tarjetas generadas din\u00e1micamente -->\n  <\/div>\n\n\t<button id=\"loadMore\" class=\"load-more\" style=\"background-color: #174885; color: white;\"><b>Ver m\u00e1s<\/b><\/button>\n<\/div>\n<style>\n  .content-cases {\n    padding: 40px 20px;\n    background-color: #f5f5f5;\n    text-align: center;\n  }\n\n  .content-cases .section-title {\n    font-size: 24px;\n    font-weight: bold;\n    margin-bottom: 20px;\n  }\n\n  .content-cases .filters {\n    display: flex;\n    justify-content: center;\n    gap: 10px;\n    margin-bottom: 20px;\n    flex-wrap: wrap;\n  }\n\n  .content-cases .filters select,\n  .content-cases .filters input {\n    padding: 8px;\n    width: 200px;\n    border: 1px solid #ccc;\n    border-radius: 5px;\n  }\n\n  .content-cases .row {\n    display: flex;\n    flex-wrap: wrap;\n    gap: 20px;\n    justify-content: center;\n    align-items: stretch;\n  }\n\n  .content-cases .case-card {\n    width: 30%;\n    display: flex;\n    flex-direction: column;\n  }\n\n  .content-cases .card {\n    display: flex;\n    flex-direction: column;\n    height: 100%;\n    border: none;\n    border-radius: 8px;\n    box-shadow: 0 2px 10px rgba(0, 0, 0, 0.1);\n    transition: transform 0.3s ease;\n    cursor: pointer;\n    background: white;\n  }\n\n  .content-cases .card:hover {\n    transform: scale(1.05);\n  }\n\n  .content-cases .card img {\n    width: 100%;\n    height: 150px;\n    object-fit: cover;\n    border-top-left-radius: 8px;\n    border-top-right-radius: 8px;\n  }\n\n  .content-cases .card-body {\n    flex-grow: 1;\n    display: flex;\n    flex-direction: column;\n    justify-content: space-between;\n    padding: 15px;\n    text-align: left;\n  }\n\n  .content-cases .card-title {\n    font-weight: bold;\n    font-size: 1.1rem;\n    margin-top: 10px;\n    margin-bottom: 10px;\n  }\n\n  .content-cases .card-text {\n    flex-grow: 1;\n    margin-bottom: 10px;\n  }\n\n  .content-cases .load-more {\n    margin-top: 20px;\n    padding: 10px 20px;\n    background-color: #007BFF;\n    color: white;\n    border: none;\n    border-radius: 5px;\n    cursor: pointer;\n    display: none;\n  }\n\n  .content-cases .load-more:hover {\n    background-color: #0056b3;\n  }\n\n  @media (max-width: 992px) {\n    .content-cases .case-card {\n      width: 45%;\n    }\n  }\n\n  @media (max-width: 600px) {\n    .content-cases .case-card {\n      width: 100%;\n    }\n  }\n<\/style>\n\n\n\n<script>\n  document.addEventListener(\"DOMContentLoaded\", function () {\n    const casesContainer = document.getElementById(\"casesContainer\");\n    const loadMoreButton = document.getElementById(\"loadMore\");\n    const searchInput = document.getElementById(\"searchInput\");\n    const cadenaFilter = document.getElementById(\"cadenaFilter\");\n\nconst casesData = [\n  {\n    nombre: \"Capacitaci\u00f3n b\u00e1sica en econom\u00eda circular\",\n    descripcion: \"Capacitaci\u00f3n introductoria sobre Econom\u00eda Circular y su aplicaci\u00f3n en sectores productivos.\",\n    cadenaProductiva: \"Agroindustria, Pesca y Acuicultura, Cuero y Calzado, Textil\",\n    cite: [\n      \"CITE agroindustrial Chavimochic\",\n      \"CITE agroindustrial Ica\",\n      \"CITE agroindustrial Moquegua\",\n      \"CITE productivo Maynas\",\n      \"CITE productivo Madre de Dios\",\n      \"CITE productivo San Mart\u00edn\",\n      \"CITE pesquero Piura\",\n      \"CITE pesquero Ilo\",\n      \"CITE pesquero acu\u00edcola y agroindustrial Callao\",\n      \"CITE textil cam\u00e9lidos Cusco\",\n      \"CITE cuero y calzado Trujillo\"\n    ],\n    imagen: \"\/miempresacircular\/wp-content\/uploads\/2025\/05\/1capacitacion-basica-economia-circular.png\",\n    enlace: \"\/miempresacircular\/2025\/05\/14\/capacitacion-basica-en-economia-circular\/\"\n  },\n  {\n    nombre: \"Asistencia T\u00e9cnica Espec\u00edfica en An\u00e1lisis de Ciclo de Vida (ACV)\",\n    descripcion: \"Asistencia para evaluar impactos ambientales de productos y mejorar su circularidad y trazabilidad.\",\n    cadenaProductiva: \"Cuero y Calzado\",\n    cite: \"CITE cuero y calzado Trujillo\",\n    imagen: \"\/miempresacircular\/wp-content\/uploads\/2025\/05\/7asistencia-tecnica-en-analisis-de-ciclo-de-vida.png\",\n    enlace: \"\/miempresacircular\/2025\/05\/14\/asistencia-tecnica-especifica-en-analisis-de-ciclo-de-vida-acv\/\"\n  },\n\t{\n  nombre: \"Capacitaci\u00f3n especializada en econom\u00eda circular\",\n  descripcion: \"Brinda conocimientos te\u00f3ricos y pr\u00e1cticos para aplicar la Econom\u00eda Circular en sectores productivos, fortaleciendo conocimientos y detectando oportunidades de mejora en procesos y modelos de negocio.\",\n  cadenaProductiva: \"Agroindustria, Pesca y Acuicultura, Cuero y Calzado, Textil\",\n  cite: [\n    \"CITE agroindustrial Chavimochic\",\n    \"CITE agroindustrial Ica\",\n    \"CITE agroindustrial Majes\",\n    \"CITE agroindustrial Moquegua\",\n    \"CITE productivo Maynas\",\n    \"CITE productivo Madre de Dios\",\n    \"CITE productivo San Mart\u00edn\",\n    \"CITE pesquero Piura\",\n    \"CITE pesquero Ilo\",\n    \"CITE pesquero acu\u00edcola y agroindustrial Callao\",\n    \"CITE textil cam\u00e9lidos Cusco\",\n    \"CITE cuero y calzado Trujillo\"\n  ],\n  imagen: \"\/miempresacircular\/wp-content\/uploads\/2025\/05\/6-cap-especializada-en-economia-circular.jpg\",\n  enlace: \"\/miempresacircular\/2025\/05\/14\/capacitacion-especializada-en-economia-circular\/\"\n},\n{\n  nombre: \"Asistencia t\u00e9cnica espec\u00edfica en Determinaci\u00f3n de trazabilidad para la circularidad\",\n  descripcion: \"Asiste a empresas a fortalecer la trazabilidad circular de sus productos para promover transparencia y valor agregado, aplicando metodolog\u00edas para mapear y validar aspectos circulares durante la vida \u00fatil del producto.\",\n  cadenaProductiva: \"Textil\",\n  cite: [\n    \"CITE textil cam\u00e9lidos Cusco\"\n  ],\n  imagen: \"\/miempresacircular\/wp-content\/uploads\/2025\/05\/9asistencia-tecnica-en-determinacion-de-trazabilidad-para-la-circularidad.png\",\n  enlace: \"\/miempresacircular\/2025\/05\/14\/asistencia-tecnica-especifica-en-determinacion-de-trazabilidad-para-la-circularidad\/\"\n},\n  {\n    nombre: \"Capacitaci\u00f3n b\u00e1sica en Modelos de Negocios Circulares\",\n    descripcion: \"Capacitaci\u00f3n sobre modelos de negocio circulares para un uso eficiente de recursos y generaci\u00f3n de valor.\",\n    cadenaProductiva: \"Agroindustria, Cuero y Calzado\",\n    cite: [\n      \"CITE agroindustrial Chavimochic\",\n      \"CITE agroindustrial Ica\",\n      \"CITE agroindustrial Moquegua\",\n      \"CITE productivo San Mart\u00edn\",\n      \"CITE productivo Maynas\",\n      \"CITE productivo Madre de Dios\",\n      \"CITE cuero y calzado Trujillo\"\n    ],\n    imagen: \"\/miempresacircular\/wp-content\/uploads\/2025\/05\/4cap-basica-modelos-de-negocios-circulares.png\",\n    enlace: \"\/miempresacircular\/2025\/05\/14\/capacitacion-basica-en-modelos-de-negocios-circulares\/\"\n  },\n  {\n    nombre: \"Ecodise\u00f1o de productos con enfoque en econom\u00eda circular\",\n    descripcion: \"Asistencia para dise\u00f1ar productos con menor impacto ambiental e incorporaci\u00f3n de criterios circulares.\",\n    cadenaProductiva: \"Agroindustria, Pesca y Acuicultura, Cuero y Calzado, Textil\",\n    cite: [\n      \"CITE agroindustrial Chavimochic\",\n      \"CITE agroindustrial Ica\",\n      \"CITE agroindustrial Majes\",\n      \"CITE agroindustrial Moquegua\",\n      \"CITE productivo Maynas\",\n      \"CITE productivo Madre de Dios\",\n      \"CITE productivo San Mart\u00edn\",\n      \"CITE pesquero Piura\",\n      \"CITE pesquero Ilo\",\n      \"CITE pesquero acu\u00edcola y agroindustrial Callao\",\n      \"CITE textil cam\u00e9lidos Cusco\",\n      \"CITE cuero y calzado Trujillo\"\n    ],\n    imagen: \"\/miempresacircular\/wp-content\/uploads\/2025\/05\/15Ecodiseno-de-productos-con-enfoque-economia-circular.png\",\n    enlace: \"\/miempresacircular\/2025\/05\/14\/ecodiseno-de-productos-con-enfoque-en-economia-circular\/\"\n  },\n  {\n    nombre: \"Asistencia T\u00e9cnica Espec\u00edfica en Modelos de Negocios Circulares\",\n    descripcion: \"Asistencia para desarrollar modelos de negocio circulares que optimicen recursos y generen valor a\u00f1adido.\",\n    cadenaProductiva: \"Textil\",\n    cite: \"CITE textil cam\u00e9lidos Cusco\",\n    imagen: \"\/miempresacircular\/wp-content\/uploads\/2025\/05\/14asistencia-tecnica-en-modelos-de-negocios-circulares.png\",\n    enlace: \"\/miempresacircular\/2025\/05\/14\/asistencia-tecnica-especifica-en-modelos-de-negocios-circulares\/\"\n  },\n  {\n    nombre: \"Asistencia t\u00e9cnica espec\u00edfica en Determinaci\u00f3n de la circularidad\",\n    descripcion: \"Diagn\u00f3stico con la Calculadora de Circularidad para evaluar avances y definir mejoras en procesos circulares.\",\n    cadenaProductiva: \"Agroindustria, Pesca y Acuicultura, Cuero y Calzado, Textil\",\n    cite: [\n      \"CITE agroindustrial Chavimochic\",\n      \"CITE agroindustrial Ica\",\n      \"CITE agroindustrial Majes\",\n      \"CITE agroindustrial Moquegua\",\n      \"CITE productivo Maynas\",\n      \"CITE productivo Madre de Dios\",\n      \"CITE productivo San Mart\u00edn\",\n      \"CITE pesquero Piura\",\n      \"CITE pesquero Ilo\",\n      \"CITE pesquero acu\u00edcola y agroindustrial Callao\",\n      \"CITE textil cam\u00e9lidos Cusco\",\n      \"CITE cuero y calzado Trujillo\"\n    ],\n    imagen: \"\/miempresacircular\/wp-content\/uploads\/2025\/05\/8.-asistencia-tecnica-en-determinacion-de-la-circularidad-scaled.jpg\",\n    enlace: \"\/miempresacircular\/2025\/05\/14\/asistencia-tecnica-especifica-en-determinacion-de-la-circularidad\/\"\n  },\n  {\n    nombre: \"Asistencia t\u00e9cnica espec\u00edfica en Gesti\u00f3n circular del recurso h\u00eddrico\",\n    descripcion: \"El servicio de Asistencia T\u00e9cnica Espec\u00edfica en Gesti\u00f3n circular del recurso h\u00eddrico tiene como objetivo asistir a las empresas en la aplicaci\u00f3n de acciones, estrategias y herramientas que permitan optimizar su consumo y gesti\u00f3n del agua bajo un enfoque circular.\",\n    cadenaProductiva: \"Pesca y Acuicultura\",\n    cite: \"CITE productivo Maynas, CITE productivo San Mart\u00edn, CITE pesquero Ilo, CITE pesquero Piura, CITE pesquero acu\u00edcola y agroindustrial Callao\",\n    imagen: \"\/miempresacircular\/wp-content\/uploads\/2025\/05\/11asistencia-tecnica-en-gestion-circular-del-recurso-hidrico.png\",\n    enlace: \"\/miempresacircular\/2025\/05\/15\/asistencia-tecnica-especifica-en-gestion-circular-del-recurso-hidrico\/\"\n  },\n  {\n    nombre: \"Asistencia T\u00e9cnica Espec\u00edfica en Gesti\u00f3n y aprovechamiento de mermas\",\n    descripcion: \"Asistencia para transformar mermas en insumos \u00fatiles mediante gesti\u00f3n circular.\",\n    cadenaProductiva: \"Agroindustria, Pesca y Acuicultura, Textil\",\n    cite: [\n      \"CITE agroindustrial Chavimochic\",\n      \"CITE agroindustrial Ica\",\n      \"CITE agroindustrial Majes\",\n      \"CITE agroindustrial Moquegua\",\n      \"CITE productivo Maynas\",\n      \"CITE productivo Madre de Dios\",\n      \"CITE productivo San Mart\u00edn\",\n      \"CITE pesquero Piura\",\n      \"CITE pesquero Ilo\",\n      \"CITE pesquero acu\u00edcola y agroindustrial Callao\",\n      \"CITE textil cam\u00e9lidos Cusco\"\n    ],\n    imagen: \"\/miempresacircular\/wp-content\/uploads\/2025\/05\/13asistencia-tecnica-en-gestion-y-aprovechamiento-de-mermas.png\",\n    enlace: \"\/miempresacircular\/2025\/05\/15\/asistencia-tecnica-especifica-en-gestion-y-aprovechamiento-de-mermas\/\"\n  },\n  {\n    nombre: \"Capacitaci\u00f3n b\u00e1sica en nuevas tecnolog\u00edas circulares\",\n    descripcion: \"Capacitaci\u00f3n sobre tecnolog\u00edas circulares para optimizar recursos y procesos.\",\n    cadenaProductiva: \"Pesca y Acuicultura\",\n    cite: [\n      \"CITE productivo Maynas\",\n      \"CITE productivo San Mart\u00edn\",\n      \"CITE pesquero Piura\",\n      \"CITE pesquero Ilo\",\n      \"CITE pesquero acu\u00edcola y agroindustrial Callao\"\n    ],\n    imagen: \"\/miempresacircular\/wp-content\/uploads\/2025\/05\/5-cap-basica-en-nuevas-tecnologias-circulares-scaled.jpg\",\n    enlace: \"\/miempresacircular\/2025\/05\/15\/capacitacion-basica-en-nuevas-tecnologias-circulares\/\"\n  },\n  {\n    nombre: \"Capacitaci\u00f3n B\u00e1sica en Gesti\u00f3n de residuos agroindustriales\",\n    descripcion: \"Capacitaci\u00f3n sobre gesti\u00f3n de residuos agroindustriales incrementando la eficiencia de los procesos y reducir los impactos al ambiente.\",\n    cadenaProductiva: \"Agroindustria\",\n    cite: [\n      \"CITE agroindustrial Chavimochic\",\n      \"CITE agroindustrial Ica\",\n      \"CITE agroindustrial Moquegua\",\n      \"CITE productivo San Mart\u00edn\",\n      \"CITE productivo Maynas\",\n      \"CITE productivo Madre de Dios\"\n    ],\n    imagen: \"\/miempresacircular\/wp-content\/uploads\/2025\/05\/3-cap-basica-gestion-de-residuos-agroindustriales.png\",\n    enlace: \"\/miempresacircular\/2025\/05\/15\/capacitacion-basica-en-gestion-de-residuos-agroindustriales-con-enfoque-circular\/\"\n  },\n  {\n    nombre: \"Capacitaci\u00f3n B\u00e1sica en Certificaciones y est\u00e1ndares circulares y sostenibles\",\n    descripcion: \"Capacitaci\u00f3n sobre certificaciones y est\u00e1ndares circulares aplicados al sector agroindustrial.\",\n    cadenaProductiva: \"Agroindustria\",\n    cite: [\n      \"CITE agroindustrial Chavimochic\",\n      \"CITE agroindustrial Ica\",\n      \"CITE agroindustrial Moquegua\",\n      \"CITE productivo San Mart\u00edn\",\n      \"CITE productivo Maynas\",\n      \"CITE productivo Madre de Dios\"\n    ],\n    imagen: \"\/miempresacircular\/wp-content\/uploads\/2025\/05\/2cap-basica-en-certificaciones-y-estandares-circulares-scaled.jpg\",\n    enlace: \"\/miempresacircular\/2025\/05\/15\/capacitacion-basica-en-certificaciones-y-estandares-circulares-y-sostenibles\/\"\n  },\n  {\n    nombre: \"Asistencia T\u00e9cnica Espec\u00edfica en Gesti\u00f3n de residuos agroindustriales con enfoque circular\",\n    descripcion: \"Asistencia para optimizar la gesti\u00f3n de residuos agroindustriales con enfoque circular.\",\n    cadenaProductiva: \"Agroindustria\",\n    cite: [\n      \"CITE agroindustrial Chavimochic\",\n      \"CITE agroindustrial Ica\",\n      \"CITE agroindustrial Moquegua\",\n      \"CITE agroindustrial Majes\",\n      \"CITE productivo San Mart\u00edn\",\n      \"CITE productivo Maynas\",\n      \"CITE productivo Madre de Dios\"\n    ],\n    imagen: \"\/miempresacircular\/wp-content\/uploads\/2025\/05\/12-asistencia-tecnica-en-gestion-de-residuos-agroindustriales-con-enfoque-circular.jpg\",\n    enlace: \"\/miempresacircular\/2025\/05\/15\/asistencia-tecnica-especifica-en-gestion-de-residuos-agroindustriales-con-enfoque-circula\/\"\n  },\n  {\n    nombre: \"Asistencia t\u00e9cnica espec\u00edfica en Eficiencia energ\u00e9tica\",\n    descripcion: \"Asistencia para diagnosticar consumo energ\u00e9tico y mejorar la eficiencia en procesos productivos.\",\n    cadenaProductiva: \"Agroindustria, Pesca y Acuicultura, Cuero y Calzado\",\n    cite: [\n      \"CITE agroindustrial Chavimochic\",\n      \"CITE agroindustrial Ica\",\n      \"CITE agroindustrial Majes\",\n      \"CITE agroindustrial Moquegua\",\n      \"CITE productivo Maynas\",\n      \"CITE productivo Madre de Dios\",\n      \"CITE productivo San Mart\u00edn\",\n      \"CITE pesquero Piura\",\n      \"CITE pesquero Ilo\",\n      \"CITE pesquero acu\u00edcola y agroindustrial Callao\",\n      \"CITE cuero y calzado Trujillo\"\n    ],\n    imagen: \"\/miempresacircular\/wp-content\/uploads\/2025\/05\/10.asistencia-tecnica-en-eficiencia-energetica.jpg\",\n    enlace: \"\/miempresacircular\/2025\/05\/15\/asistencia-tecnica-especifica-en-eficiencia-energetica\/\"\n  }\n];\n    console.log(\"N\u00famero total de casos:\", casesData.length);\n\n    let visibleCount = 6;\n    let filteredCases = [...casesData];\n    let expanded = false;\n\nfunction renderCases() {\n  const casesContainer = document.getElementById(\"casesContainer\");\n  casesContainer.innerHTML = \"\";\n\n  filteredCases.forEach((caseItem, index) => {\n    const caseElement = document.createElement(\"div\");\n    caseElement.classList.add(\"case-card\");\n    caseElement.style.display = index < visibleCount ? \"block\" : \"none\";\n\n    caseElement.innerHTML = `\n      <div class=\"card\">\n        <a href=\"${caseItem.enlace}\">\n          <img decoding=\"async\" src=\"${caseItem.imagen}\" alt=\"${caseItem.nombre}\">\n        <\/a>\n        <div class=\"card-body\">\n          <p class=\"text-muted\">${caseItem.cadenaProductiva}<\/p>\n          <h5 class=\"card-title\" style=\"color: #174885;\">${caseItem.nombre}<\/h5>\n          <p class=\"card-text\" style=\"text-align: justify; margin-left: 20px; margin-right: 20px; \">${caseItem.descripcion}<\/p>\n          <p class=\"card-cite\" style=\"display: none;\"><strong>CITE:<\/strong> ${Array.isArray(caseItem.cite) ? caseItem.cite.join(\", \") : caseItem.cite}<\/p>\n        <\/div>\n      <\/div>\n    `;\n\n    casesContainer.appendChild(caseElement);\n  });\n\n  \/\/ Mostrar u ocultar bot\u00f3n seg\u00fan cantidad de casos y estado\n  if (filteredCases.length > 6) {\n    loadMoreButton.style.display = \"inline-block\";\n    loadMoreButton.textContent = visibleCount < filteredCases.length ? \"Mostrar m\u00e1s\" : \"Ver menos\";\n  } else {\n    loadMoreButton.style.display = \"none\";\n  }\n}\n\n\n    function filterCases() {\n      const searchText = searchInput.value.toLowerCase();\n      const selectedCadena = cadenaFilter.value;\n\n      filteredCases = casesData.filter(item => {\n        const matchesSearch = item.nombre.toLowerCase().includes(searchText);\n        const cadenas = item.cadenaProductiva.split(',').map(c => c.trim());\n        const matchesCadena = selectedCadena === \"\" || cadenas.includes(selectedCadena);\n        return matchesSearch && matchesCadena;\n      });\n\n      visibleCount = Math.min(6, filteredCases.length);\n      expanded = false;\n      renderCases();\n    }\n\n    loadMoreButton.addEventListener(\"click\", () => {\n      if (!expanded) {\n        visibleCount = filteredCases.length;\n        expanded = true;\n        renderCases();\n      } else {\n        visibleCount = Math.min(6, filteredCases.length);\n        expanded = false;\n        renderCases();\n        casesContainer.scrollIntoView({ behavior: \"smooth\", block: \"start\" });\n      }\n    });\n\n    searchInput.addEventListener(\"input\", filterCases);\n    cadenaFilter.addEventListener(\"change\", filterCases);\n\n    renderCases();\n  });\n<\/script><\/div><\/div><\/div><div id=\"pgc-8969-1-2\"  class=\"panel-grid-cell panel-grid-cell-empty\" ><\/div><\/div><\/div>","protected":false},"excerpt":{"rendered":"<p>SERVICIOS TECNOL\u00d3GICOS DE ECONOM\u00cdA CIRCULAR \u00a1Potencia tu negocio incorporando la econom\u00eda circular con ayuda de los CITE! Servicios de econom\u00eda circular Aqu\u00ed encontrar\u00e1s los servicios de econom\u00eda circular que brindan los Centros de Innovaci\u00f3n Productiva y Transferencia Tecnol\u00f3gica (CITE) del Instituto Tecnol\u00f3gico de la Producci\u00f3n (ITP) De tener alguna consulta, favor escribir al correo: economia.circular@itp.gob.pe<\/p>\n","protected":false},"author":1,"featured_media":0,"parent":0,"menu_order":0,"comment_status":"closed","ping_status":"closed","template":"","meta":{"footnotes":""},"tags":[],"class_list":["post-8969","page","type-page","status-publish","hentry"],"_links":{"self":[{"href":"https:\/\/desarrollo.infobox.com.pe\/miempresacircular\/wp-json\/wp\/v2\/pages\/8969","targetHints":{"allow":["GET"]}}],"collection":[{"href":"https:\/\/desarrollo.infobox.com.pe\/miempresacircular\/wp-json\/wp\/v2\/pages"}],"about":[{"href":"https:\/\/desarrollo.infobox.com.pe\/miempresacircular\/wp-json\/wp\/v2\/types\/page"}],"author":[{"embeddable":true,"href":"https:\/\/desarrollo.infobox.com.pe\/miempresacircular\/wp-json\/wp\/v2\/users\/1"}],"replies":[{"embeddable":true,"href":"https:\/\/desarrollo.infobox.com.pe\/miempresacircular\/wp-json\/wp\/v2\/comments?post=8969"}],"version-history":[{"count":70,"href":"https:\/\/desarrollo.infobox.com.pe\/miempresacircular\/wp-json\/wp\/v2\/pages\/8969\/revisions"}],"predecessor-version":[{"id":10449,"href":"https:\/\/desarrollo.infobox.com.pe\/miempresacircular\/wp-json\/wp\/v2\/pages\/8969\/revisions\/10449"}],"wp:attachment":[{"href":"https:\/\/desarrollo.infobox.com.pe\/miempresacircular\/wp-json\/wp\/v2\/media?parent=8969"}],"wp:term":[{"taxonomy":"post_tag","embeddable":true,"href":"https:\/\/desarrollo.infobox.com.pe\/miempresacircular\/wp-json\/wp\/v2\/tags?post=8969"}],"curies":[{"name":"wp","href":"https:\/\/api.w.org\/{rel}","templated":true}]}}