{"id":9316,"date":"2025-05-12T21:13:02","date_gmt":"2025-05-13T02:13:02","guid":{"rendered":"https:\/\/desarrollo.infobox.com.pe\/miempresacircular\/?page_id=9316"},"modified":"2025-06-13T12:01:32","modified_gmt":"2025-06-13T17:01:32","slug":"financiamiento-nacional","status":"publish","type":"page","link":"https:\/\/desarrollo.infobox.com.pe\/miempresacircular\/financiamiento-nacional\/","title":{"rendered":"Financiamiento Nacional"},"content":{"rendered":"<div id=\"pl-9316\"  class=\"panel-layout\" ><div id=\"pg-9316-0\"  class=\"panel-grid panel-no-style\" ><div id=\"pgc-9316-0-0\"  class=\"panel-grid-cell\" ><div id=\"panel-9316-0-0-0\" class=\"so-panel widget widget_text panel-first-child panel-last-child\" data-index=\"0\" >\t\t\t<div class=\"textwidget\"><div style=\"position: relative; width: 100%; height: 450px; background-image: url('\/miempresacircular\/wp-content\/uploads\/2025\/05\/3.png'); background-size: cover; background-position: center; background-repeat: no-repeat; display: flex; align-items: center; justify-content: center; text-align: center; margin: 0; padding: 0;\">\n<div style=\"background: rgba(30, 76, 127, 0.9); padding: 20px 30px; border-radius: 0px; height: 200px; width: 800px; max-width: 70%; text-align: center;\">\n<h1 style=\"color: white; font-size: 2rem; margin-top: 10px; text-shadow: 2px 2px 5px rgba(0, 0, 0, 0.5);\">FINANCIAMIENTO NACIONAL<\/h1>\n<div style=\"display: flex; justify-content: center; align-items: center; gap: 10px; margin: 0px 0 20px 0;\">\n<div style=\"width: 80px; height: 2px; background-color: rgba(255, 255, 255, 0.5);\"><\/div>\n<div style=\"width: 80px; height: 2px; background-color: rgba(255, 255, 255);\"><\/div>\n<div style=\"width: 80px; height: 2px; background-color: rgba(255, 255, 255, 0.5);\"><\/div>\n<\/div>\n<h1 style=\"color: white; font-size: 1.5rem; margin-bottom: 20px; text-shadow: 2px 2px 5px rgba(0, 0, 0, 0.5);\">Fuentes de financiamiento para iniciativas sostenibles a nivel nacional<\/h1>\n<\/div>\n<\/div>\n<\/div>\n\t\t<\/div><\/div><\/div><div id=\"pg-9316-1\"  class=\"panel-grid panel-no-style\" ><div id=\"pgc-9316-1-0\"  class=\"panel-grid-cell panel-grid-cell-empty\" ><\/div><div id=\"pgc-9316-1-1\"  class=\"panel-grid-cell panel-grid-cell-mobile-last\" ><div id=\"panel-9316-1-1-0\" class=\"so-panel widget widget_text panel-first-child panel-last-child\" data-index=\"1\" >\t\t\t<div class=\"textwidget\"><h4 class=\"cvGsUA direction-ltr align-center para-style-body\" style=\"text-align: justify; margin-top: 30px; color: #164985;\">No pierdas estas oportunidades internacionales para iniciar tu camino hacia la circularidad<\/h4>\n<\/div>\n<\/div>\n\t\t<\/div><\/div><div id=\"pgc-9316-1-2\"  class=\"panel-grid-cell panel-grid-cell-empty\" ><\/div><\/div><div id=\"pg-9316-2\"  class=\"panel-grid panel-no-style\" ><div id=\"pgc-9316-2-0\"  class=\"panel-grid-cell panel-grid-cell-empty\" ><\/div><div id=\"pgc-9316-2-1\"  class=\"panel-grid-cell panel-grid-cell-mobile-last\" ><div id=\"panel-9316-2-1-0\" class=\"so-panel widget widget_text panel-first-child panel-last-child\" data-index=\"2\" >\t\t\t<div class=\"textwidget\">\n<div class=\"wprpsp-carousel-pro-slider-wrp wprpsp-clearfix \" data-conf=\"{&quot;dots&quot;:&quot;false&quot;,&quot;arrows&quot;:&quot;true&quot;,&quot;autoplay&quot;:&quot;true&quot;,&quot;autoplay_interval&quot;:3000,&quot;speed&quot;:300,&quot;slides_to_show&quot;:3,&quot;slides_to_scroll&quot;:1,&quot;centermode&quot;:&quot;false&quot;,&quot;centerpadding&quot;:0,&quot;infinite&quot;:&quot;true&quot;,&quot;hover_pause&quot;:&quot;true&quot;,&quot;focus_pause&quot;:&quot;false&quot;,&quot;rtl&quot;:&quot;false&quot;,&quot;lazyload&quot;:&quot;&quot;}\">\n\t<div id=\"wprpsp-recent-post-carousel-1\" class=\"wprpsp-recent-post-carousel wprpsp-post-slider-init wprpsp-design-1 wprpsp-image-fit slides-to-show-3 wprpsp-clearfix\">\n<div class=\"wprpsp-post-slides\">\n\t<div class=\"wprpsp-post-grid-content \">\n\t\t\t\t\t<div class=\"wprpsp-post-image-wrap wprpsp-post-image-bg\" style=\"\">\n\t\t\t\t<a href=\"https:\/\/desarrollo.infobox.com.pe\/miempresacircular\/2025\/05\/28\/fundacion-fondo-de-garantia-para-prestamos-a-la-pequena-industria-fogapi\/\" target=\"_self\">\n\t\t\t\t\t<img decoding=\"async\" class=\"wprpsp-post-img\"  src=\"https:\/\/desarrollo.infobox.com.pe\/miempresacircular\/wp-content\/uploads\/2025\/05\/FOGAPI__.jpg-e1748452167851.png\" alt=\"Fundaci\u00f3n Fondo de Garant\u00eda para Pr\u00e9stamos a la Peque\u00f1a Industria\u00a0(FOGAPI)\" \/>\n\t\t\t\t<\/a>\n\t\t\t<\/div>\n\t\t\t\t\t<h2 class=\"wprpsp-post-title\">\n\t\t\t\t<a href=\"https:\/\/desarrollo.infobox.com.pe\/miempresacircular\/2025\/05\/28\/fundacion-fondo-de-garantia-para-prestamos-a-la-pequena-industria-fogapi\/\" target=\"_self\">Fundaci\u00f3n Fondo de Garant\u00eda para Pr\u00e9stamos a la Peque\u00f1a Industria\u00a0(FOGAPI)<\/a>\n\t\t\t<\/h2>\n\t\t\t\t\t<div class=\"wprpsp-post-cats-wrap\"><ul class=\"post-categories wprpsp-post-categories\"><li><a href=\"https:\/\/desarrollo.infobox.com.pe\/miempresacircular\/category\/financiamiento-nacional\/\" rel=\"category\" target=\"_self\"> Financiamiento nacional <\/a><\/li><li><a href=\"https:\/\/desarrollo.infobox.com.pe\/miempresacircular\/category\/financiamiento-nacional\/publico\/\" rel=\"category\" target=\"_self\"> P\u00fablico <\/a><\/li><\/ul><\/div>\n\t\t\t\t\t<div class=\"wprpsp-post-date\">\n\t\t\t\t\t\t\t\t\t\t\t\t28\/05\/2025\t\t\t<\/div>\n\t\t\t\t\t<div class=\"wprpsp-post-content\">\n\t\t\t\t<div>La Fundaci\u00f3n Fondo de Garant\u00eda para Pr\u00e9stamos a la Peque\u00f1a Industria (FOGAPI) ha desarrollado con...<\/div>\n\t\t\t\t\t\t\t\t\t<a class=\"wprpsp-read-more-btn\" href=\"https:\/\/desarrollo.infobox.com.pe\/miempresacircular\/2025\/05\/28\/fundacion-fondo-de-garantia-para-prestamos-a-la-pequena-industria-fogapi\/\" target=\"_self\">Leer m\u00e1s<\/a>\n\t\t\t\t\t\t\t<\/div>\n\t\t\t<\/div>\n<\/div>\n<div class=\"wprpsp-post-slides\">\n\t<div class=\"wprpsp-post-grid-content \">\n\t\t\t\t\t<div class=\"wprpsp-post-image-wrap wprpsp-post-image-bg\" style=\"\">\n\t\t\t\t<a href=\"https:\/\/desarrollo.infobox.com.pe\/miempresacircular\/2024\/07\/01\/produce-organizo-la-conferencia-financiamiento-para-la-economia-circular\/\" target=\"_self\">\n\t\t\t\t\t<img decoding=\"async\" class=\"wprpsp-post-img\"  src=\"https:\/\/desarrollo.infobox.com.pe\/miempresacircular\/wp-content\/uploads\/2024\/07\/Fotografia-PRODUCE.png\" alt=\"PRODUCE organiz\u00f3 la conferencia \u201cFinanciamiento para la Econom\u00eda Circular\u201d\" \/>\n\t\t\t\t<\/a>\n\t\t\t<\/div>\n\t\t\t\t\t<h2 class=\"wprpsp-post-title\">\n\t\t\t\t<a href=\"https:\/\/desarrollo.infobox.com.pe\/miempresacircular\/2024\/07\/01\/produce-organizo-la-conferencia-financiamiento-para-la-economia-circular\/\" target=\"_self\">PRODUCE organiz\u00f3 la conferencia \u201cFinanciamiento para la Econom\u00eda Circular\u201d<\/a>\n\t\t\t<\/h2>\n\t\t\t\t\t<div class=\"wprpsp-post-cats-wrap\"><ul class=\"post-categories wprpsp-post-categories\"><li><a href=\"https:\/\/desarrollo.infobox.com.pe\/miempresacircular\/category\/financiamiento\/\" rel=\"category\" target=\"_self\"> Financiamiento <\/a><\/li><li><a href=\"https:\/\/desarrollo.infobox.com.pe\/miempresacircular\/category\/financiamiento-nacional\/\" rel=\"category\" target=\"_self\"> Financiamiento nacional <\/a><\/li><li><a href=\"https:\/\/desarrollo.infobox.com.pe\/miempresacircular\/category\/novedades\/noticias\/\" rel=\"category\" target=\"_self\"> Noticias <\/a><\/li><li><a href=\"https:\/\/desarrollo.infobox.com.pe\/miempresacircular\/category\/novedades\/\" rel=\"category\" target=\"_self\"> Novedades <\/a><\/li><\/ul><\/div>\n\t\t\t\t\t<div class=\"wprpsp-post-date\">\n\t\t\t\t\t\t\t\t\t\t\t\t01\/07\/2024\t\t\t<\/div>\n\t\t\t\t\t<div class=\"wprpsp-post-content\">\n\t\t\t\t<div>Acceder a financiamiento es fundamental para que las empresas transiten a la Econom\u00eda Circular. En...<\/div>\n\t\t\t\t\t\t\t\t\t<a class=\"wprpsp-read-more-btn\" href=\"https:\/\/desarrollo.infobox.com.pe\/miempresacircular\/2024\/07\/01\/produce-organizo-la-conferencia-financiamiento-para-la-economia-circular\/\" target=\"_self\">Leer m\u00e1s<\/a>\n\t\t\t\t\t\t\t<\/div>\n\t\t\t<\/div>\n<\/div>\n<div class=\"wprpsp-post-slides\">\n\t<div class=\"wprpsp-post-grid-content \">\n\t\t\t\t\t<div class=\"wprpsp-post-image-wrap wprpsp-post-image-bg\" style=\"\">\n\t\t\t\t<a href=\"https:\/\/desarrollo.infobox.com.pe\/miempresacircular\/2024\/05\/09\/innovacion-empresarial-para-microempresas\/\" target=\"_self\">\n\t\t\t\t\t<img decoding=\"async\" class=\"wprpsp-post-img\"  src=\"https:\/\/desarrollo.infobox.com.pe\/miempresacircular\/wp-content\/uploads\/2024\/05\/Picture2.png\" alt=\"Innovaci\u00f3n Empresarial para Microempresas\" \/>\n\t\t\t\t<\/a>\n\t\t\t<\/div>\n\t\t\t\t\t<h2 class=\"wprpsp-post-title\">\n\t\t\t\t<a href=\"https:\/\/desarrollo.infobox.com.pe\/miempresacircular\/2024\/05\/09\/innovacion-empresarial-para-microempresas\/\" target=\"_self\">Innovaci\u00f3n Empresarial para Microempresas<\/a>\n\t\t\t<\/h2>\n\t\t\t\t\t<div class=\"wprpsp-post-cats-wrap\"><ul class=\"post-categories wprpsp-post-categories\"><li><a href=\"https:\/\/desarrollo.infobox.com.pe\/miempresacircular\/category\/financiamiento-nacional\/\" rel=\"category\" target=\"_self\"> Financiamiento nacional <\/a><\/li><li><a href=\"https:\/\/desarrollo.infobox.com.pe\/miempresacircular\/category\/financiamiento-nacional\/publico\/\" rel=\"category\" target=\"_self\"> P\u00fablico <\/a><\/li><\/ul><\/div>\n\t\t\t\t\t<div class=\"wprpsp-post-date\">\n\t\t\t\t\t\t\t\t\t\t\t\t09\/05\/2024\t\t\t<\/div>\n\t\t\t\t\t<div class=\"wprpsp-post-content\">\n\t\t\t\t<div>ProInn\u00f3vate cofinancia proyectos tecnol\u00f3gicos, productivos e innovadores para reducir o adaptarse al cambio clim\u00e1tico El...<\/div>\n\t\t\t\t\t\t\t\t\t<a class=\"wprpsp-read-more-btn\" href=\"https:\/\/desarrollo.infobox.com.pe\/miempresacircular\/2024\/05\/09\/innovacion-empresarial-para-microempresas\/\" target=\"_self\">Leer m\u00e1s<\/a>\n\t\t\t\t\t\t\t<\/div>\n\t\t\t<\/div>\n<\/div>\n<div class=\"wprpsp-post-slides\">\n\t<div class=\"wprpsp-post-grid-content \">\n\t\t\t\t\t<div class=\"wprpsp-post-image-wrap wprpsp-post-image-bg\" style=\"\">\n\t\t\t\t<a href=\"https:\/\/desarrollo.infobox.com.pe\/miempresacircular\/2024\/05\/09\/validacion-de-la-innovacion-para-microempresas\/\" target=\"_self\">\n\t\t\t\t\t<img decoding=\"async\" class=\"wprpsp-post-img\"  src=\"https:\/\/desarrollo.infobox.com.pe\/miempresacircular\/wp-content\/uploads\/2024\/05\/Diseno-sin-titulo-7.png\" alt=\"Validaci\u00f3n de la Innovaci\u00f3n para Microempresas\" \/>\n\t\t\t\t<\/a>\n\t\t\t<\/div>\n\t\t\t\t\t<h2 class=\"wprpsp-post-title\">\n\t\t\t\t<a href=\"https:\/\/desarrollo.infobox.com.pe\/miempresacircular\/2024\/05\/09\/validacion-de-la-innovacion-para-microempresas\/\" target=\"_self\">Validaci\u00f3n de la Innovaci\u00f3n para Microempresas<\/a>\n\t\t\t<\/h2>\n\t\t\t\t\t<div class=\"wprpsp-post-cats-wrap\"><ul class=\"post-categories wprpsp-post-categories\"><li><a href=\"https:\/\/desarrollo.infobox.com.pe\/miempresacircular\/category\/financiamiento-nacional\/\" rel=\"category\" target=\"_self\"> Financiamiento nacional <\/a><\/li><li><a href=\"https:\/\/desarrollo.infobox.com.pe\/miempresacircular\/category\/financiamiento-nacional\/publico\/\" rel=\"category\" target=\"_self\"> P\u00fablico <\/a><\/li><\/ul><\/div>\n\t\t\t\t\t<div class=\"wprpsp-post-date\">\n\t\t\t\t\t\t\t\t\t\t\t\t09\/05\/2024\t\t\t<\/div>\n\t\t\t\t\t<div class=\"wprpsp-post-content\">\n\t\t\t\t<div>ProInn\u00f3vate cofinancia proyectos tecnol\u00f3gicos, productivos e innovadores para reducir o adaptarse al cambio clim\u00e1tico Tiene...<\/div>\n\t\t\t\t\t\t\t\t\t<a class=\"wprpsp-read-more-btn\" href=\"https:\/\/desarrollo.infobox.com.pe\/miempresacircular\/2024\/05\/09\/validacion-de-la-innovacion-para-microempresas\/\" target=\"_self\">Leer m\u00e1s<\/a>\n\t\t\t\t\t\t\t<\/div>\n\t\t\t<\/div>\n<\/div>\n<div class=\"wprpsp-post-slides\">\n\t<div class=\"wprpsp-post-grid-content \">\n\t\t\t\t\t<div class=\"wprpsp-post-image-wrap wprpsp-post-image-bg\" style=\"\">\n\t\t\t\t<a href=\"https:\/\/desarrollo.infobox.com.pe\/miempresacircular\/2024\/05\/09\/desafio-kunan-2024\/\" target=\"_self\">\n\t\t\t\t\t<img decoding=\"async\" class=\"wprpsp-post-img\"  src=\"https:\/\/desarrollo.infobox.com.pe\/miempresacircular\/wp-content\/uploads\/2024\/05\/Picture4.png\" alt=\"Desaf\u00edo Kunan 2024\" \/>\n\t\t\t\t<\/a>\n\t\t\t<\/div>\n\t\t\t\t\t<h2 class=\"wprpsp-post-title\">\n\t\t\t\t<a href=\"https:\/\/desarrollo.infobox.com.pe\/miempresacircular\/2024\/05\/09\/desafio-kunan-2024\/\" target=\"_self\">Desaf\u00edo Kunan 2024<\/a>\n\t\t\t<\/h2>\n\t\t\t\t\t<div class=\"wprpsp-post-cats-wrap\"><ul class=\"post-categories wprpsp-post-categories\"><li><a href=\"https:\/\/desarrollo.infobox.com.pe\/miempresacircular\/category\/financiamiento-nacional\/\" rel=\"category\" target=\"_self\"> Financiamiento nacional <\/a><\/li><li><a href=\"https:\/\/desarrollo.infobox.com.pe\/miempresacircular\/category\/financiamiento-nacional\/privado\/\" rel=\"category\" target=\"_self\"> Privado <\/a><\/li><\/ul><\/div>\n\t\t\t\t\t<div class=\"wprpsp-post-date\">\n\t\t\t\t\t\t\t\t\t\t\t\t09\/05\/2024\t\t\t<\/div>\n\t\t\t\t\t<div class=\"wprpsp-post-content\">\n\t\t\t\t<div>Es el premio anual m\u00e1s importante y de mayor exposici\u00f3n sobre emprendimiento social en el...<\/div>\n\t\t\t\t\t\t\t\t\t<a class=\"wprpsp-read-more-btn\" href=\"https:\/\/desarrollo.infobox.com.pe\/miempresacircular\/2024\/05\/09\/desafio-kunan-2024\/\" target=\"_self\">Leer m\u00e1s<\/a>\n\t\t\t\t\t\t\t<\/div>\n\t\t\t<\/div>\n<\/div>\n<div class=\"wprpsp-post-slides\">\n\t<div class=\"wprpsp-post-grid-content \">\n\t\t\t\t\t<div class=\"wprpsp-post-image-wrap wprpsp-post-image-bg\" style=\"\">\n\t\t\t\t<a href=\"https:\/\/desarrollo.infobox.com.pe\/miempresacircular\/2024\/05\/09\/credito-verde-banbif\/\" target=\"_self\">\n\t\t\t\t\t<img decoding=\"async\" class=\"wprpsp-post-img\"  src=\"https:\/\/desarrollo.infobox.com.pe\/miempresacircular\/wp-content\/uploads\/2024\/05\/Picture6.png\" alt=\"Cr\u00e9dito Verde BanBif\" \/>\n\t\t\t\t<\/a>\n\t\t\t<\/div>\n\t\t\t\t\t<h2 class=\"wprpsp-post-title\">\n\t\t\t\t<a href=\"https:\/\/desarrollo.infobox.com.pe\/miempresacircular\/2024\/05\/09\/credito-verde-banbif\/\" target=\"_self\">Cr\u00e9dito Verde BanBif<\/a>\n\t\t\t<\/h2>\n\t\t\t\t\t<div class=\"wprpsp-post-cats-wrap\"><ul class=\"post-categories wprpsp-post-categories\"><li><a href=\"https:\/\/desarrollo.infobox.com.pe\/miempresacircular\/category\/financiamiento-nacional\/\" rel=\"category\" target=\"_self\"> Financiamiento nacional <\/a><\/li><li><a href=\"https:\/\/desarrollo.infobox.com.pe\/miempresacircular\/category\/financiamiento-nacional\/privado\/\" rel=\"category\" target=\"_self\"> Privado <\/a><\/li><\/ul><\/div>\n\t\t\t\t\t<div class=\"wprpsp-post-date\">\n\t\t\t\t\t\t\t\t\t\t\t\t09\/05\/2024\t\t\t<\/div>\n\t\t\t\t\t<div class=\"wprpsp-post-content\">\n\t\t\t\t<div>Pr\u00e9stamo pensado para financiar iniciativas privadas y actividades que contribuyan a la protecci\u00f3n del medio...<\/div>\n\t\t\t\t\t\t\t\t\t<a class=\"wprpsp-read-more-btn\" href=\"https:\/\/desarrollo.infobox.com.pe\/miempresacircular\/2024\/05\/09\/credito-verde-banbif\/\" target=\"_self\">Leer m\u00e1s<\/a>\n\t\t\t\t\t\t\t<\/div>\n\t\t\t<\/div>\n<\/div>\n<div class=\"wprpsp-post-slides\">\n\t<div class=\"wprpsp-post-grid-content \">\n\t\t\t\t\t<div class=\"wprpsp-post-image-wrap wprpsp-post-image-bg\" style=\"\">\n\t\t\t\t<a href=\"https:\/\/desarrollo.infobox.com.pe\/miempresacircular\/2024\/05\/09\/credito-fonde-energia\/\" target=\"_self\">\n\t\t\t\t\t<img decoding=\"async\" class=\"wprpsp-post-img\"  src=\"https:\/\/desarrollo.infobox.com.pe\/miempresacircular\/wp-content\/uploads\/2024\/05\/Picture7.png\" alt=\"Cr\u00e9dito Fonde Energ\u00eda\" \/>\n\t\t\t\t<\/a>\n\t\t\t<\/div>\n\t\t\t\t\t<h2 class=\"wprpsp-post-title\">\n\t\t\t\t<a href=\"https:\/\/desarrollo.infobox.com.pe\/miempresacircular\/2024\/05\/09\/credito-fonde-energia\/\" target=\"_self\">Cr\u00e9dito Fonde Energ\u00eda<\/a>\n\t\t\t<\/h2>\n\t\t\t\t\t<div class=\"wprpsp-post-cats-wrap\"><ul class=\"post-categories wprpsp-post-categories\"><li><a href=\"https:\/\/desarrollo.infobox.com.pe\/miempresacircular\/category\/financiamiento-nacional\/\" rel=\"category\" target=\"_self\"> Financiamiento nacional <\/a><\/li><li><a href=\"https:\/\/desarrollo.infobox.com.pe\/miempresacircular\/category\/financiamiento-nacional\/privado\/\" rel=\"category\" target=\"_self\"> Privado <\/a><\/li><\/ul><\/div>\n\t\t\t\t\t<div class=\"wprpsp-post-date\">\n\t\t\t\t\t\t\t\t\t\t\t\t09\/05\/2024\t\t\t<\/div>\n\t\t\t\t\t<div class=\"wprpsp-post-content\">\n\t\t\t\t<div>La Cooperativa de ahorro y cr\u00e9dito Fondesurco es una organizaci\u00f3n especialista en microfinanzas rurales, permite...<\/div>\n\t\t\t\t\t\t\t\t\t<a class=\"wprpsp-read-more-btn\" href=\"https:\/\/desarrollo.infobox.com.pe\/miempresacircular\/2024\/05\/09\/credito-fonde-energia\/\" target=\"_self\">Leer m\u00e1s<\/a>\n\t\t\t\t\t\t\t<\/div>\n\t\t\t<\/div>\n<\/div>\n\t<\/div>\n<\/div>\n<\/div>\n\t\t<\/div><\/div><div id=\"pgc-9316-2-2\"  class=\"panel-grid-cell panel-grid-cell-empty\" ><\/div><\/div><\/div>","protected":false},"excerpt":{"rendered":"<p>FINANCIAMIENTO NACIONAL Fuentes de financiamiento para iniciativas sostenibles a nivel nacional No pierdas estas oportunidades internacionales para iniciar tu camino hacia la circularidad<\/p>\n","protected":false},"author":1,"featured_media":0,"parent":0,"menu_order":0,"comment_status":"closed","ping_status":"closed","template":"","meta":{"footnotes":""},"tags":[],"class_list":["post-9316","page","type-page","status-publish","hentry"],"_links":{"self":[{"href":"https:\/\/desarrollo.infobox.com.pe\/miempresacircular\/wp-json\/wp\/v2\/pages\/9316","targetHints":{"allow":["GET"]}}],"collection":[{"href":"https:\/\/desarrollo.infobox.com.pe\/miempresacircular\/wp-json\/wp\/v2\/pages"}],"about":[{"href":"https:\/\/desarrollo.infobox.com.pe\/miempresacircular\/wp-json\/wp\/v2\/types\/page"}],"author":[{"embeddable":true,"href":"https:\/\/desarrollo.infobox.com.pe\/miempresacircular\/wp-json\/wp\/v2\/users\/1"}],"replies":[{"embeddable":true,"href":"https:\/\/desarrollo.infobox.com.pe\/miempresacircular\/wp-json\/wp\/v2\/comments?post=9316"}],"version-history":[{"count":10,"href":"https:\/\/desarrollo.infobox.com.pe\/miempresacircular\/wp-json\/wp\/v2\/pages\/9316\/revisions"}],"predecessor-version":[{"id":10480,"href":"https:\/\/desarrollo.infobox.com.pe\/miempresacircular\/wp-json\/wp\/v2\/pages\/9316\/revisions\/10480"}],"wp:attachment":[{"href":"https:\/\/desarrollo.infobox.com.pe\/miempresacircular\/wp-json\/wp\/v2\/media?parent=9316"}],"wp:term":[{"taxonomy":"post_tag","embeddable":true,"href":"https:\/\/desarrollo.infobox.com.pe\/miempresacircular\/wp-json\/wp\/v2\/tags?post=9316"}],"curies":[{"name":"wp","href":"https:\/\/api.w.org\/{rel}","templated":true}]}}